{"id":10,"date":"2018-02-26T15:02:33","date_gmt":"2018-02-26T14:02:33","guid":{"rendered":"http:\/\/localhost\/?page_id=10"},"modified":"2025-10-23T18:10:03","modified_gmt":"2025-10-23T16:10:03","slug":"menuiserie","status":"publish","type":"page","link":"https:\/\/lpdiderot10.fr\/index.php\/formations\/menuiserie\/","title":{"rendered":"Menuisier Installateur | CAP"},"content":{"rendered":"<h1 style=\"text-align: center;\"><b>Qu\u2019est ce qu\u2019un professionnel menuisier-installateur ?<\/b><\/h1>\n<h3><img loading=\"lazy\" class=\"alignnone  wp-image-1439 aligncenter\" src=\"https:\/\/lpdiderot10.fr\/wp-content\/uploads\/2020\/04\/Image2-1.png\" alt=\"\" width=\"301\" height=\"201\" \/><\/h3>\n<h3 style=\"text-align: center;\">D\u00c9FINITION DU M\u00c9TIER<\/h3>\n<p>Il participe \u00e0 l&#8217;am\u00e9nagement de tout type de locaux. Il pose portes, fen\u00eatres, volets, placards, parquets, escaliers, lambris, cloisons en bois, mais installe \u00e9galement tous types d\u2019agencement comme des dressing, cuisine, salle de bains, am\u00e9nagement de magasin bureau ou stand d\u2019exposition. Il travaille principalement sur chantier mais peut \u00eatre amen\u00e9 \u00e0 fabriquer des compl\u00e9ments d\u2019ouvrage en atelier. Il met en oeuvre diff\u00e9rents mat\u00e9riaux : bois, lamell\u00e9-coll\u00e9, panneau de fibres mais aussi aluminium ou PVC.<\/p>\n<p><b>\u00a0<\/b><b>\u00a0<\/b><\/p>\n<p style=\"text-align: center;\"><span style=\"font-size: 14pt;\"><b>COMP\u00c9TENCES\u00a0REQUISES<\/b><\/span><\/p>\n<p><b>\u00a0<\/b>Il conna\u00eet les diff\u00e9rents mat\u00e9riaux (bois, mat\u00e9riaux d\u00e9riv\u00e9s, mat\u00e9riaux associ\u00e9s comme l&#8217;aluminium, les mousses\u2026), les principales techniques d&#8217;usinage du bois et les \u00e9tapes de fabrication. Sur le chantier, il sait adapter la pose aux contraintes de structure, d&#8217;\u00e9tanch\u00e9it\u00e9 et de confort. Par ailleurs, il doit organiser et s\u00e9curiser son intervention et veiller au tri et \u00e0 l&#8217;\u00e9vacuation des d\u00e9chets.<\/p>\n<p><b>Formation<\/b><\/p>\n<p><b>\u00a0<\/b><b>Enseignement professionnel: 18h30<\/b><\/p>\n<p><b>\u00a0<\/b>Atelier\u00a0<img loading=\"lazy\" class=\" wp-image-1440 alignright\" src=\"https:\/\/lpdiderot10.fr\/wp-content\/uploads\/2020\/04\/Image3-1-300x200.png\" alt=\"\" width=\"408\" height=\"272\" srcset=\"https:\/\/lpdiderot10.fr\/wp-content\/uploads\/2020\/04\/Image3-1-300x200.png 300w, https:\/\/lpdiderot10.fr\/wp-content\/uploads\/2020\/04\/Image3-1-600x400.png 600w, https:\/\/lpdiderot10.fr\/wp-content\/uploads\/2020\/04\/Image3-1.png 682w\" sizes=\"(max-width: 408px) 100vw, 408px\" \/><\/p>\n<p>Technologie associ\u00e9e<\/p>\n<p>Dessin de construction<\/p>\n<p>Arts appliqu\u00e9s<\/p>\n<p><b>Enseignement G\u00e9n\u00e9ral: 11h30<\/b><\/p>\n<p>Math\u00e9matiques\/Physiques<\/p>\n<p>Fran\u00e7ais, Histoire et G\u00e9ographie<\/p>\n<p>Anglais, PSE<\/p>\n<p>EPS<\/p>\n<p>La formation comprend <b>14 semaines de stage en entreprise.<\/b><\/p>\n<p>Les stages vous\u00a0permettent de vivre une exp\u00e9rience sur le terrain. C\u2019est un atout essentiel dans le monde professionnel.<\/p>\n<p>En alternance : Pour plus d\u2019informations contactez directement le lyc\u00e9e.<\/p>\n<p style=\"text-align: center;\"><span style=\"font-size: 14pt;\"><b>LES POSSIBILIT\u00c9S\u00a0D\u2019ORIENTATION<\/b><\/span><\/p>\n<p><img loading=\"lazy\" class=\" wp-image-1441 alignright\" src=\"https:\/\/lpdiderot10.fr\/wp-content\/uploads\/2020\/04\/Image4-265x300.png\" alt=\"\" width=\"232\" height=\"263\" srcset=\"https:\/\/lpdiderot10.fr\/wp-content\/uploads\/2020\/04\/Image4-265x300.png 265w, https:\/\/lpdiderot10.fr\/wp-content\/uploads\/2020\/04\/Image4.png 292w\" sizes=\"(max-width: 232px) 100vw, 232px\" \/><\/p>\n<p><b>\u00a0<\/b>MC parqueteur<\/p>\n<p>CAP constructeur d\u2019ouvrage du b\u00e2timent en aluminium, verre et mat\u00e9riaux de synth\u00e8se<\/p>\n<p>BP menuisier<\/p>\n<p>BP menuisier aluminium-verre\u2026<\/p>\n<p>Bac pro Technicien constructeur bois<\/p>\n<p>Bac pro Technicien de fabrication bois et mat\u00e9riaux associ\u00e9s<\/p>\n<p>Bac pro Technicien menuisier-agenceur<\/p>\n<p><b>\u00a0<\/b><\/p>\n<p style=\"text-align: center;\"><span style=\"font-size: 14pt;\"><b>CE QUI VOUS\u00a0CARACT\u00c9RISE<\/b><\/span><\/p>\n<p>Votre m\u00e9tier offre de nombreux d\u00e9bouch\u00e9s. Les artisans embauchent jusqu\u2019\u00e0 90 % des jeunes menuisiers.<\/p>\n<p><b>\u00a0<\/b><\/p>\n<table style=\"width: 100%; border-collapse: collapse; border-color: #fffffc;\" border=\"1\">\n<tbody>\n<tr>\n<td style=\"width: 33.5821%;\">\n<p style=\"text-align: center;\"><span style=\"font-size: 14pt;\"><b>LES EMPLOIS<\/b><\/span><\/p>\n<p>Menuisier(\u00e8re)<\/p>\n<p>Agent(e) de production industrielle mobilier et menuiserie<\/p>\n<p>Menuisier en bio-construction<\/p>\n<p>Agenceur de cuisine<\/p>\n<p>Poseur de menuiserie<\/td>\n<td style=\"width: 33.0845%;\"><img loading=\"lazy\" class=\"wp-image-1438 aligncenter\" src=\"https:\/\/lpdiderot10.fr\/wp-content\/uploads\/2020\/04\/Image1-1.png\" alt=\"\" width=\"316\" height=\"237\" \/><\/td>\n<td style=\"width: 33.3333%;\">\n<p style=\"text-align: center;\"><span style=\"font-size: 14pt;\"><b>\u00c9VOLUTION<\/b><\/span><\/p>\n<p>Chef d\u2019\u00e9quipe<\/p>\n<p>Contrema\u00eetre<\/p>\n<p>Chef de chantier<\/p>\n<p>Conducteur de travaux<\/td>\n<\/tr>\n<\/tbody>\n<\/table>\n","protected":false},"excerpt":{"rendered":"<p>Qu\u2019est ce qu\u2019un professionnel menuisier-installateur ? D\u00c9FINITION DU M\u00c9TIER Il participe \u00e0 l&#8217;am\u00e9nagement de tout type de locaux. Il pose portes, fen\u00eatres, volets, placards, parquets, escaliers, lambris, cloisons en bois, mais installe \u00e9galement tous types d\u2019agencement comme des dressing, cuisine, salle de bains, am\u00e9nagement de magasin bureau ou stand d\u2019exposition. Il travaille principalement sur chantier [&hellip;]<\/p>\n","protected":false},"author":2,"featured_media":357,"parent":41,"menu_order":9,"comment_status":"closed","ping_status":"closed","template":"page-templates\/page_fullwidth.php","meta":[],"_links":{"self":[{"href":"https:\/\/lpdiderot10.fr\/index.php\/wp-json\/wp\/v2\/pages\/10"}],"collection":[{"href":"https:\/\/lpdiderot10.fr\/index.php\/wp-json\/wp\/v2\/pages"}],"about":[{"href":"https:\/\/lpdiderot10.fr\/index.php\/wp-json\/wp\/v2\/types\/page"}],"author":[{"embeddable":true,"href":"https:\/\/lpdiderot10.fr\/index.php\/wp-json\/wp\/v2\/users\/2"}],"replies":[{"embeddable":true,"href":"https:\/\/lpdiderot10.fr\/index.php\/wp-json\/wp\/v2\/comments?post=10"}],"version-history":[{"count":9,"href":"https:\/\/lpdiderot10.fr\/index.php\/wp-json\/wp\/v2\/pages\/10\/revisions"}],"predecessor-version":[{"id":4013,"href":"https:\/\/lpdiderot10.fr\/index.php\/wp-json\/wp\/v2\/pages\/10\/revisions\/4013"}],"up":[{"embeddable":true,"href":"https:\/\/lpdiderot10.fr\/index.php\/wp-json\/wp\/v2\/pages\/41"}],"wp:featuredmedia":[{"embeddable":true,"href":"https:\/\/lpdiderot10.fr\/index.php\/wp-json\/wp\/v2\/media\/357"}],"wp:attachment":[{"href":"https:\/\/lpdiderot10.fr\/index.php\/wp-json\/wp\/v2\/media?parent=10"}],"curies":[{"name":"wp","href":"https:\/\/api.w.org\/{rel}","templated":true}]}}