{"id":1096,"date":"2018-02-27T10:10:07","date_gmt":"2018-02-27T09:10:07","guid":{"rendered":"http:\/\/lpdiderot10.fr\/?page_id=1096"},"modified":"2025-10-23T18:08:32","modified_gmt":"2025-10-23T16:08:32","slug":"ebenisterie-dart-cap-bma","status":"publish","type":"page","link":"https:\/\/lpdiderot10.fr\/index.php\/formations\/ebenisterie-dart-cap-bma\/","title":{"rendered":"\u00c9b\u00e9nisterie d&#8217;Art | CAP &#038; BMA"},"content":{"rendered":"<p style=\"text-align: right;\"><a href=\"https:\/\/lpdiderot10.fr\/index.php\/category\/realisations-eleves-ebenisterie\/\">R\u00e9alisations<\/a> \/ <a href=\"https:\/\/lpdiderot10.fr\/index.php\/category\/actualites-ebenisterie\/\">Actualit\u00e9s<\/a><\/p>\n<h2><iframe loading=\"lazy\" src=\"\/\/www.youtube.com\/embed\/jKKZ4-PJ4WQ?si=ZGWHqPj72cqSo2bE\" width=\"560\" height=\"314\" allowfullscreen=\"allowfullscreen\"><\/iframe><\/h2>\n<h2>Un \u00e9b\u00e9niste con\u00e7oit et r\u00e9alise des meubles, objets, agencements anciens ou modernes en fonction des souhaits du client.<\/h2>\n<p>Sa particularit\u00e9 est d\u2019utiliser de fines feuilles de bois pr\u00e9cieux appel\u00e9es placage ainsi que tout autre mati\u00e8re afin d\u2019apposer un d\u00e9cor sur ses productions.<\/p>\n<p>Bon dessinateur, rigoureux et pr\u00e9cis, il effectue l\u2019\u00e9tude et les plans des ouvrages.<\/p>\n<p>Il assure \u00e9galement les diff\u00e9rentes \u00e9tapes de fabrication :<\/p>\n<ul>\n<li>Choisir le bois et les mat\u00e9riaux,<\/li>\n<li>Scier, raboter et r\u00e9aliser les assemblages,<\/li>\n<li>R\u00e9aliser le d\u00e9cor,<\/li>\n<li>Poser les accessoires,<\/li>\n<li>R\u00e9aliser la finition.<\/li>\n<\/ul>\n<p>Dans le respect de la tradition, l\u2019\u00e9b\u00e9niste peut Cr\u00e9er, r\u00e9aliser des copies de meubles anciens, ou encore restaurer le mobilier.<\/p>\n<h1>CAP \u00c9b\u00e9niste<\/h1>\n<h2>Le titulaire du CAP \u00ab \u00c9b\u00e9niste \u00bb est un professionnel qualifi\u00e9 des m\u00e9tiers d\u2019art.<\/h2>\n<div class=\"alignleft\">\n\t\t<!-- MasterSlider -->\n\t\t<div id=\"P_MS69e2cfd3cdca6\" class=\"master-slider-parent msl ms-parent-id-4\" style=\"max-width:580px;\">\n\n\t\t\t\n\t\t\t<!-- MasterSlider Main -->\n\t\t\t<div id=\"MS69e2cfd3cdca6\" class=\"master-slider ms-skin-light-3\" >\n\t\t\t\t \t\t\t\t \n\t\t\t\t<div  class=\"ms-slide\" data-delay=\"3\" data-fill-mode=\"fit\"  >\n\t\t\t\t\t<img src=\"https:\/\/lpdiderot10.fr\/wp-content\/plugins\/master-slider\/public\/assets\/css\/blank.gif\" alt=\"\" title=\"\" data-src=\"https:\/\/lpdiderot10.fr\/wp-content\/uploads\/2018\/03\/table-portefeuille-01.jpg\" \/>\n\n\n\t<div class=\"ms-thumb\" ><div class=\"ms-tab-context\"><div class=&quot;ms-tab-context&quot;><\/div><\/div>\n<\/div>\n\t\t\t\t<\/div>\n\t\t\t\t<div  class=\"ms-slide\" data-delay=\"3\" data-fill-mode=\"fit\"  >\n\t\t\t\t\t<img src=\"https:\/\/lpdiderot10.fr\/wp-content\/plugins\/master-slider\/public\/assets\/css\/blank.gif\" alt=\"\" title=\"\" data-src=\"https:\/\/lpdiderot10.fr\/wp-content\/uploads\/2018\/03\/table-portefeuille-02.jpg\" \/>\n\n\n\t<div class=\"ms-thumb\" ><div class=\"ms-tab-context\"><div class=&quot;ms-tab-context&quot;><\/div><\/div>\n<\/div>\n\t\t\t\t<\/div>\n\t\t\t\t<div  class=\"ms-slide\" data-delay=\"3\" data-fill-mode=\"fit\"  >\n\t\t\t\t\t<img src=\"https:\/\/lpdiderot10.fr\/wp-content\/plugins\/master-slider\/public\/assets\/css\/blank.gif\" alt=\"\" title=\"\" data-src=\"https:\/\/lpdiderot10.fr\/wp-content\/uploads\/2018\/03\/table-portefeuille-03.jpg\" \/>\n\n\n\t<div class=\"ms-thumb\" ><div class=\"ms-tab-context\"><div class=&quot;ms-tab-context&quot;><\/div><\/div>\n<\/div>\n\t\t\t\t<\/div>\n\t\t\t\t<div  class=\"ms-slide\" data-delay=\"3\" data-fill-mode=\"fit\"  >\n\t\t\t\t\t<img src=\"https:\/\/lpdiderot10.fr\/wp-content\/plugins\/master-slider\/public\/assets\/css\/blank.gif\" alt=\"\" title=\"\" data-src=\"https:\/\/lpdiderot10.fr\/wp-content\/uploads\/2018\/03\/bureau-de-pente1.jpg\" \/>\n\n\n\t<div class=\"ms-thumb\" ><div class=\"ms-tab-context\"><div class=&quot;ms-tab-context&quot;><\/div><\/div>\n<\/div>\n\t\t\t\t<\/div>\n\t\t\t\t<div  class=\"ms-slide\" data-delay=\"3\" data-fill-mode=\"fit\"  >\n\t\t\t\t\t<img src=\"https:\/\/lpdiderot10.fr\/wp-content\/plugins\/master-slider\/public\/assets\/css\/blank.gif\" alt=\"\" title=\"\" data-src=\"https:\/\/lpdiderot10.fr\/wp-content\/uploads\/2018\/03\/bureau-de-pente-ouvert.jpg\" \/>\n\n\n\t<div class=\"ms-thumb\" ><div class=\"ms-tab-context\"><div class=&quot;ms-tab-context&quot;><\/div><\/div>\n<\/div>\n\t\t\t\t<\/div>\n\t\t\t\t<div  class=\"ms-slide\" data-delay=\"3\" data-fill-mode=\"fit\"  >\n\t\t\t\t\t<img src=\"https:\/\/lpdiderot10.fr\/wp-content\/plugins\/master-slider\/public\/assets\/css\/blank.gif\" alt=\"\" title=\"\" data-src=\"https:\/\/lpdiderot10.fr\/wp-content\/uploads\/2018\/03\/d\u00e9tail-bureau-de-pente-2.jpg\" \/>\n\n\n\t<div class=\"ms-thumb\" ><div class=\"ms-tab-context\"><div class=&quot;ms-tab-context&quot;><\/div><\/div>\n<\/div>\n\t\t\t\t<\/div>\n\t\t\t\t<div  class=\"ms-slide\" data-delay=\"3\" data-fill-mode=\"fit\"  >\n\t\t\t\t\t<img src=\"https:\/\/lpdiderot10.fr\/wp-content\/plugins\/master-slider\/public\/assets\/css\/blank.gif\" alt=\"\" title=\"\" data-src=\"https:\/\/lpdiderot10.fr\/wp-content\/uploads\/2018\/03\/d\u00e9tail-bureau-de-pente.jpg\" \/>\n\n\n\t<div class=\"ms-thumb\" ><div class=\"ms-tab-context\"><div class=&quot;ms-tab-context&quot;><\/div><\/div>\n<\/div>\n\t\t\t\t<\/div>\n\t\t\t\t<div  class=\"ms-slide\" data-delay=\"3\" data-fill-mode=\"fit\"  >\n\t\t\t\t\t<img src=\"https:\/\/lpdiderot10.fr\/wp-content\/plugins\/master-slider\/public\/assets\/css\/blank.gif\" alt=\"\" title=\"\" data-src=\"https:\/\/lpdiderot10.fr\/wp-content\/uploads\/2018\/03\/Table-carr\u00e9e-d\u00e9tour\u00e9e-011.jpg\" \/>\n\n\n\t<div class=\"ms-thumb\" ><div class=\"ms-tab-context\"><div class=&quot;ms-tab-context&quot;><\/div><\/div>\n<\/div>\n\t\t\t\t<\/div>\n\t\t\t\t<div  class=\"ms-slide\" data-delay=\"3\" data-fill-mode=\"fit\"  >\n\t\t\t\t\t<img src=\"https:\/\/lpdiderot10.fr\/wp-content\/plugins\/master-slider\/public\/assets\/css\/blank.gif\" alt=\"\" title=\"\" data-src=\"https:\/\/lpdiderot10.fr\/wp-content\/uploads\/2018\/03\/IMGP0057.jpg\" \/>\n\n\n\t<div class=\"ms-thumb\" ><div class=\"ms-tab-context\"><div class=&quot;ms-tab-context&quot;><\/div><\/div>\n<\/div>\n\t\t\t\t<\/div>\n\t\t\t\t<div  class=\"ms-slide\" data-delay=\"3\" data-fill-mode=\"fit\"  >\n\t\t\t\t\t<img src=\"https:\/\/lpdiderot10.fr\/wp-content\/plugins\/master-slider\/public\/assets\/css\/blank.gif\" alt=\"\" title=\"\" data-src=\"https:\/\/lpdiderot10.fr\/wp-content\/uploads\/2018\/03\/table-louis-XVI-02.jpg\" \/>\n\n\n\t<div class=\"ms-thumb\" ><div class=\"ms-tab-context\"><div class=&quot;ms-tab-context&quot;><\/div><\/div>\n<\/div>\n\t\t\t\t<\/div>\n\t\t\t\t<div  class=\"ms-slide\" data-delay=\"3\" data-fill-mode=\"fit\"  >\n\t\t\t\t\t<img src=\"https:\/\/lpdiderot10.fr\/wp-content\/plugins\/master-slider\/public\/assets\/css\/blank.gif\" alt=\"\" title=\"\" data-src=\"https:\/\/lpdiderot10.fr\/wp-content\/uploads\/2018\/03\/armoire-\u00e0-cl\u00e9.jpg\" \/>\n\n\n\t<div class=\"ms-thumb\" ><div class=\"ms-tab-context\"><div class=&quot;ms-tab-context&quot;><\/div><\/div>\n<\/div>\n\t\t\t\t<\/div>\n\n\t\t\t<\/div>\n\t\t\t<!-- END MasterSlider Main -->\n\n\t\t\t \n\t\t<\/div>\n\t\t<!-- END MasterSlider -->\n\n\t\t<script>\n\t\t(function ( $ ) {\n\t\t\t\"use strict\";\n\n\t\t\t$(function () {\n\t\t\t\tvar masterslider_dca6 = new MasterSlider();\n\n\t\t\t\t\/\/ slider controls\n\t\t\t\tmasterslider_dca6.control('arrows'     ,{ autohide:true, overVideo:true  });\n\t\t\t\t\/\/ slider setup\n\t\t\t\tmasterslider_dca6.setup(\"MS69e2cfd3cdca6\", {\n\t\t\t\t\t\twidth           : 580,\n\t\t\t\t\t\theight          : 435,\n\t\t\t\t\t\tminHeight       : 0,\n\t\t\t\t\t\tspace           : 0,\n\t\t\t\t\t\tstart           : 1,\n\t\t\t\t\t\tgrabCursor      : true,\n\t\t\t\t\t\tswipe           : true,\n\t\t\t\t\t\tmouse           : true,\n\t\t\t\t\t\tlayout          : \"boxed\",\n\t\t\t\t\t\twheel           : false,\n\t\t\t\t\t\tautoplay        : true,\n\t\t\t\t\t\tinstantStartLayers:false,\n\t\t\t\t\t\tloop            : true,\n\t\t\t\t\t\tshuffle         : false,\n\t\t\t\t\t\tpreload         : 0,\n\t\t\t\t\t\theightLimit     : true,\n\t\t\t\t\t\tautoHeight      : false,\n\t\t\t\t\t\tsmoothHeight    : true,\n\t\t\t\t\t\tendPause        : false,\n\t\t\t\t\t\toverPause       : true,\n\t\t\t\t\t\tfillMode        : \"fill\",\n\t\t\t\t\t\tcenterControls  : true,\n\t\t\t\t\t\tstartOnAppear   : false,\n\t\t\t\t\t\tlayersMode      : \"center\",\n\t\t\t\t\t\thideLayers      : false,\n\t\t\t\t\t\tfullscreenMargin: 0,\n\t\t\t\t\t\tspeed           : 10,\n\t\t\t\t\t\tdir             : \"h\",\n\t\t\t\t\t\tparallaxMode    : 'swipe',\n\t\t\t\t\t\tview            : \"fade\"\n\t\t\t\t});\n\n\t\t\t\t\n\t\t\t\twindow.masterslider_instances = window.masterslider_instances || [];\n\t\t\t\twindow.masterslider_instances.push( masterslider_dca6 );\n\t\t\t });\n\n\t\t})(jQuery);\n\t\t<\/script>\n\n<\/div>\n<h4>Il intervient dans la fabrication de meubles meublants et meubles d\u2019agencement.<\/h4>\n<p>Ce dipl\u00f4me permet d\u2019acqu\u00e9rir les connaissances techniques \u00e9l\u00e9mentaires du travail de l\u2019\u00e9b\u00e9niste.<\/p>\n<p>Au cours de sa formation, l\u2019\u00e9l\u00e8ve apprend \u00e0 conna\u00eetre les mat\u00e9riaux qu\u2019il utilise, travailler manuellement ainsi qu\u2019\u00e0 l\u2019aide de machines-outils.<\/p>\n<p>\u00c0 partir des plans et des instructions qui lui sont donn\u00e9es, le titulaire du dipl\u00f4me pr\u00e9pare, ex\u00e9cute tout ou partie d\u2019un ouvrage . Il r\u00e9alise aussi les placages, les frisages, le montage des meubles et les finitions et contribue \u00e0 leur installation.<\/p>\n<p>Cette formation se d\u00e9roule en <strong>2 ans<\/strong> \u00e0 l\u2019issu de la 3<sup>\u00e8me<\/sup> et peut \u00e9galement \u00eatre dispens\u00e9e en 1 an pour les titulaires d\u2019un autre CAP, d\u2019un BAC ou tout autre dipl\u00f4me sup\u00e9rieur dans la limite d\u2019\u00e2ge de 25 ans (le parcours y est adapt\u00e9).<\/p>\n<p>12 semaines de formation en entreprise sont reparties sur les deux ans.<\/p>\n<h1>BMA \u00c9b\u00e9niste<\/h1>\n<h2>Le titulaire du Brevet des M\u00e9tiers d\u2019Art \u00ab \u00c9b\u00e9niste \u00bb est un technicien d&#8217;art.<\/h2>\n<div class=\"alignright\">\n\t\t<!-- MasterSlider -->\n\t\t<div id=\"P_MS69e2cfd3cf78a\" class=\"master-slider-parent msl ms-parent-id-5\" style=\"max-width:580px;\">\n\n\t\t\t\n\t\t\t<!-- MasterSlider Main -->\n\t\t\t<div id=\"MS69e2cfd3cf78a\" class=\"master-slider ms-skin-light-3\" >\n\t\t\t\t \t\t\t\t \n\t\t\t\t<div  class=\"ms-slide\" data-delay=\"3\" data-fill-mode=\"fit\"  >\n\t\t\t\t\t<img src=\"https:\/\/lpdiderot10.fr\/wp-content\/plugins\/master-slider\/public\/assets\/css\/blank.gif\" alt=\"\" title=\"\" data-src=\"https:\/\/lpdiderot10.fr\/wp-content\/uploads\/2018\/03\/gu\u00e9ridon-contemporain.jpg\" \/>\n\n\n\t<div class=\"ms-thumb\" ><div class=\"ms-tab-context\"><div class=&quot;ms-tab-context&quot;><\/div><\/div>\n<\/div>\n\t\t\t\t<\/div>\n\t\t\t\t<div  class=\"ms-slide\" data-delay=\"3\" data-fill-mode=\"fit\"  >\n\t\t\t\t\t<img src=\"https:\/\/lpdiderot10.fr\/wp-content\/plugins\/master-slider\/public\/assets\/css\/blank.gif\" alt=\"\" title=\"\" data-src=\"https:\/\/lpdiderot10.fr\/wp-content\/uploads\/2018\/03\/bureau-lumineux-01.jpg\" \/>\n\n\n\t<div class=\"ms-thumb\" ><div class=\"ms-tab-context\"><div class=&quot;ms-tab-context&quot;><\/div><\/div>\n<\/div>\n\t\t\t\t<\/div>\n\t\t\t\t<div  class=\"ms-slide\" data-delay=\"3\" data-fill-mode=\"fit\"  >\n\t\t\t\t\t<img src=\"https:\/\/lpdiderot10.fr\/wp-content\/plugins\/master-slider\/public\/assets\/css\/blank.gif\" alt=\"\" title=\"\" data-src=\"https:\/\/lpdiderot10.fr\/wp-content\/uploads\/2018\/03\/IMGP0053.jpg\" \/>\n\n\n\t<div class=\"ms-thumb\" ><div class=\"ms-tab-context\"><div class=&quot;ms-tab-context&quot;><\/div><\/div>\n<\/div>\n\t\t\t\t<\/div>\n\t\t\t\t<div  class=\"ms-slide\" data-delay=\"3\" data-fill-mode=\"fit\"  >\n\t\t\t\t\t<img src=\"https:\/\/lpdiderot10.fr\/wp-content\/plugins\/master-slider\/public\/assets\/css\/blank.gif\" alt=\"\" title=\"\" data-src=\"https:\/\/lpdiderot10.fr\/wp-content\/uploads\/2018\/03\/idkdo.jpg\" \/>\n\n\n\t<div class=\"ms-thumb\" ><div class=\"ms-tab-context\"><div class=&quot;ms-tab-context&quot;><\/div><\/div>\n<\/div>\n\t\t\t\t<\/div>\n\t\t\t\t<div  class=\"ms-slide\" data-delay=\"3\" data-fill-mode=\"fill\"  >\n\t\t\t\t\t<img src=\"https:\/\/lpdiderot10.fr\/wp-content\/plugins\/master-slider\/public\/assets\/css\/blank.gif\" alt=\"\" title=\"\" data-src=\"https:\/\/lpdiderot10.fr\/wp-content\/uploads\/2020\/02\/17012019_INMAJ2_021.jpg\" \/>\n\n\n\t<div class=\"ms-thumb\" ><div class=\"ms-tab-context\"><div class=&quot;ms-tab-context&quot;><\/div><\/div>\n<\/div>\n\t\t\t\t<\/div>\n\t\t\t\t<div  class=\"ms-slide\" data-delay=\"3\" data-fill-mode=\"fill\"  >\n\t\t\t\t\t<img src=\"https:\/\/lpdiderot10.fr\/wp-content\/plugins\/master-slider\/public\/assets\/css\/blank.gif\" alt=\"\" title=\"\" data-src=\"https:\/\/lpdiderot10.fr\/wp-content\/uploads\/2020\/01\/17012019_INMAJ2_004.jpg\" \/>\n\n\n\t<div class=\"ms-thumb\" ><div class=\"ms-tab-context\"><div class=&quot;ms-tab-context&quot;><\/div><\/div>\n<\/div>\n\t\t\t\t<\/div>\n\t\t\t\t<div  class=\"ms-slide\" data-delay=\"3\" data-fill-mode=\"fill\"  >\n\t\t\t\t\t<img src=\"https:\/\/lpdiderot10.fr\/wp-content\/plugins\/master-slider\/public\/assets\/css\/blank.gif\" alt=\"\" title=\"\" data-src=\"https:\/\/lpdiderot10.fr\/wp-content\/uploads\/2018\/10\/220115_INMA_n2_ADetienne_091.jpg\" \/>\n\n\n\t<div class=\"ms-thumb\" ><div class=\"ms-tab-context\"><div class=&quot;ms-tab-context&quot;><\/div><\/div>\n<\/div>\n\t\t\t\t<\/div>\n\t\t\t\t<div  class=\"ms-slide\" data-delay=\"2.9\" data-fill-mode=\"fill\"  >\n\t\t\t\t\t<img src=\"https:\/\/lpdiderot10.fr\/wp-content\/plugins\/master-slider\/public\/assets\/css\/blank.gif\" alt=\"\" title=\"\" data-src=\"https:\/\/lpdiderot10.fr\/wp-content\/uploads\/2019\/09\/word-image-1.jpeg\" \/>\n\n\n\t<div class=\"ms-thumb\" ><div class=\"ms-tab-context\"><div class=&quot;ms-tab-context&quot;><\/div><\/div>\n<\/div>\n\t\t\t\t<\/div>\n\n\t\t\t<\/div>\n\t\t\t<!-- END MasterSlider Main -->\n\n\t\t\t \n\t\t<\/div>\n\t\t<!-- END MasterSlider -->\n\n\t\t<script>\n\t\t(function ( $ ) {\n\t\t\t\"use strict\";\n\n\t\t\t$(function () {\n\t\t\t\tvar masterslider_f78a = new MasterSlider();\n\n\t\t\t\t\/\/ slider controls\n\t\t\t\tmasterslider_f78a.control('arrows'     ,{ autohide:true, overVideo:true  });\n\t\t\t\t\/\/ slider setup\n\t\t\t\tmasterslider_f78a.setup(\"MS69e2cfd3cf78a\", {\n\t\t\t\t\t\twidth           : 580,\n\t\t\t\t\t\theight          : 435,\n\t\t\t\t\t\tminHeight       : 0,\n\t\t\t\t\t\tspace           : 0,\n\t\t\t\t\t\tstart           : 1,\n\t\t\t\t\t\tgrabCursor      : true,\n\t\t\t\t\t\tswipe           : true,\n\t\t\t\t\t\tmouse           : true,\n\t\t\t\t\t\tlayout          : \"boxed\",\n\t\t\t\t\t\twheel           : false,\n\t\t\t\t\t\tautoplay        : true,\n\t\t\t\t\t\tinstantStartLayers:false,\n\t\t\t\t\t\tloop            : true,\n\t\t\t\t\t\tshuffle         : false,\n\t\t\t\t\t\tpreload         : 0,\n\t\t\t\t\t\theightLimit     : true,\n\t\t\t\t\t\tautoHeight      : false,\n\t\t\t\t\t\tsmoothHeight    : true,\n\t\t\t\t\t\tendPause        : false,\n\t\t\t\t\t\toverPause       : true,\n\t\t\t\t\t\tfillMode        : \"fill\",\n\t\t\t\t\t\tcenterControls  : true,\n\t\t\t\t\t\tstartOnAppear   : false,\n\t\t\t\t\t\tlayersMode      : \"center\",\n\t\t\t\t\t\thideLayers      : false,\n\t\t\t\t\t\tfullscreenMargin: 0,\n\t\t\t\t\t\tspeed           : 10,\n\t\t\t\t\t\tdir             : \"h\",\n\t\t\t\t\t\tparallaxMode    : 'swipe',\n\t\t\t\t\t\tview            : \"fade\"\n\t\t\t\t});\n\n\t\t\t\t\n\t\t\t\twindow.masterslider_instances = window.masterslider_instances || [];\n\t\t\t\twindow.masterslider_instances.push( masterslider_f78a );\n\t\t\t });\n\n\t\t})(jQuery);\n\t\t<\/script>\n\n<\/div>\n<h4>Il intervient dans la fabrication de meubles , objets et meubles d\u2019agencement tels que les meubles de style, contemporains, marquet\u00e9s, avec int\u00e9gration de mat\u00e9riaux innovants.<\/h4>\n<p>Au cours de sa formation, l&#8217;\u00e9l\u00e8ve apprend \u00e0 \u00e9laborer et d\u00e9finir un projet, en pr\u00e9parer la fabrication et conduire la r\u00e9alisation et le contr\u00f4le des op\u00e9rations dans son int\u00e9gralit\u00e9.<\/p>\n<p>Cette formation se d\u00e9roule en 2 ans \u00e0 l&#8217;issu du CAP \u00e9b\u00e9niste.<\/p>\n<p>14 semaines de formation en entreprise sont reparties sur les deux ans.<\/p>\n<h3><strong>Formulaire de demande de candidature:<\/strong> <a href=\"https:\/\/lpdiderot10.fr\/wp-content\/uploads\/2025\/05\/Demande-de-candidature.pdf\">Cliquez ICI<\/a><\/h3>\n<div id=\"simple-translate\">\n<div>\n<div class=\"simple-translate-button \" style=\"background-image: url('moz-extension:\/\/000aa6e8-6f6d-4efb-946d-38688b1ef278\/icons\/512.png'); height: 22px; width: 22px; top: 10px; left: 10px;\"><\/div>\n<div class=\"simple-translate-panel \" style=\"width: 300px; height: 200px; top: 0px; left: 0px; font-size: 13px; background-color: #ffffff;\">\n<div class=\"simple-translate-result-wrapper\" style=\"overflow: hidden;\">\n<p class=\"simple-translate-candidate\" style=\"color: #737373;\">\n<\/div>\n<\/div>\n<\/div>\n<\/div>\n","protected":false},"excerpt":{"rendered":"<p>R\u00e9alisations \/ Actualit\u00e9s Un \u00e9b\u00e9niste con\u00e7oit et r\u00e9alise des meubles, objets, agencements anciens ou modernes en fonction des souhaits du client. Sa particularit\u00e9 est d\u2019utiliser de fines feuilles de bois pr\u00e9cieux appel\u00e9es placage ainsi que tout autre mati\u00e8re afin d\u2019apposer un d\u00e9cor sur ses productions. Bon dessinateur, rigoureux et pr\u00e9cis, il effectue l\u2019\u00e9tude et les [&hellip;]<\/p>\n","protected":false},"author":2,"featured_media":415,"parent":41,"menu_order":6,"comment_status":"closed","ping_status":"closed","template":"page-templates\/page_fullwidth.php","meta":[],"_links":{"self":[{"href":"https:\/\/lpdiderot10.fr\/index.php\/wp-json\/wp\/v2\/pages\/1096"}],"collection":[{"href":"https:\/\/lpdiderot10.fr\/index.php\/wp-json\/wp\/v2\/pages"}],"about":[{"href":"https:\/\/lpdiderot10.fr\/index.php\/wp-json\/wp\/v2\/types\/page"}],"author":[{"embeddable":true,"href":"https:\/\/lpdiderot10.fr\/index.php\/wp-json\/wp\/v2\/users\/2"}],"replies":[{"embeddable":true,"href":"https:\/\/lpdiderot10.fr\/index.php\/wp-json\/wp\/v2\/comments?post=1096"}],"version-history":[{"count":10,"href":"https:\/\/lpdiderot10.fr\/index.php\/wp-json\/wp\/v2\/pages\/1096\/revisions"}],"predecessor-version":[{"id":3856,"href":"https:\/\/lpdiderot10.fr\/index.php\/wp-json\/wp\/v2\/pages\/1096\/revisions\/3856"}],"up":[{"embeddable":true,"href":"https:\/\/lpdiderot10.fr\/index.php\/wp-json\/wp\/v2\/pages\/41"}],"wp:featuredmedia":[{"embeddable":true,"href":"https:\/\/lpdiderot10.fr\/index.php\/wp-json\/wp\/v2\/media\/415"}],"wp:attachment":[{"href":"https:\/\/lpdiderot10.fr\/index.php\/wp-json\/wp\/v2\/media?parent=1096"}],"curies":[{"name":"wp","href":"https:\/\/api.w.org\/{rel}","templated":true}]}}