{"id":1105,"date":"2019-10-02T10:38:33","date_gmt":"2019-10-02T08:38:33","guid":{"rendered":"http:\/\/lpdiderot10.fr\/?page_id=1105"},"modified":"2025-10-23T18:09:08","modified_gmt":"2025-10-23T16:09:08","slug":"ferronnerie-dart-cap","status":"publish","type":"page","link":"https:\/\/lpdiderot10.fr\/index.php\/formations\/ferronnerie-dart-cap\/","title":{"rendered":"Ferronnerie d&#8217;Art | CAP"},"content":{"rendered":"<p><b><a href=\"https:\/\/lpdiderot10.fr\/index.php\/category\/realisations-eleves-ferronerie\/\">Leurs r\u00e9alisations<\/a> \/ <a href=\"https:\/\/lpdiderot10.fr\/index.php\/category\/actualites-ferronnerie\/\">Les actualit\u00e9s<\/a><img loading=\"lazy\" class=\"size-medium wp-image-681 aligncenter\" src=\"https:\/\/lpdiderot10.fr\/wp-content\/uploads\/2018\/09\/Image2-300x220.png\" alt=\"\" width=\"300\" height=\"220\" srcset=\"https:\/\/lpdiderot10.fr\/wp-content\/uploads\/2018\/09\/Image2-300x220.png 300w, https:\/\/lpdiderot10.fr\/wp-content\/uploads\/2018\/09\/Image2.png 487w\" sizes=\"(max-width: 300px) 100vw, 300px\" \/><\/b><\/p>\n<h2><strong>Objectifs et formation<\/strong><\/h2>\n<h3><b><br \/>\n<\/b>Cette formation se pr\u00e9pare en 1 ans apr\u00e8s un CAP ou un BAC<br \/>\nLa ferronnerie est un m\u00e9tier \u00e0 caract\u00e8re technologique et artistique.<\/h3>\n<p><b><br \/>\n<\/b>Ce cr\u00e9ateur con\u00e7oit et r\u00e9alise des ouvrages en fer forg\u00e9 : grilles, portails, rampes d&#8217;escaliers, chenets, cand\u00e9labres, appliques, lampes, tables, gu\u00e9ridons&#8230; Ces cr\u00e9ations sont contemporaines.<br \/>\nIl fait aussi des copies et de la restauration de mod\u00e8les anciens.<br \/>\nIl travaille en atelier et peut collaborer, selon les commandes, avec d&#8217;autres professions comme les architectes et les professionnels du patrimoine.<\/p>\n<p><img loading=\"lazy\" class=\"alignright wp-image-680 size-medium\" src=\"https:\/\/lpdiderot10.fr\/wp-content\/uploads\/2018\/09\/Image1-e1537976821211-238x300.png\" alt=\"\" width=\"238\" height=\"300\" srcset=\"https:\/\/lpdiderot10.fr\/wp-content\/uploads\/2018\/09\/Image1-e1537976821211-238x300.png 238w, https:\/\/lpdiderot10.fr\/wp-content\/uploads\/2018\/09\/Image1-e1537976821211.png 507w\" sizes=\"(max-width: 238px) 100vw, 238px\" \/><\/p>\n<p>Tout ouvrage d\u00e9bute par des esquisses, mais aussi des mesures ou des rep\u00e9rages.<\/p>\n<p>Les pi\u00e8ces sont fa\u00e7onn\u00e9es au feu de la forge ou au chalumeau selon des techniques ancestrales.<br \/>\nLa formation repose sur l&#8217;\u00e9tude des proc\u00e9d\u00e9s de fabrication (travail du fer mais aussi d&#8217;autres<\/p>\n<p>m\u00e9taux \u00e0 chaud ou \u00e0 froid), le tra\u00e7age et le d\u00e9bit du mat\u00e9riau, les techniques d&#8217;ex\u00e9cution de l&#8217;ouvrage (travail du mat\u00e9riau et mise en forme).<br \/>\nOutre la ma\u00eetrise des techniques et des outils, il a appris le dessin d&#8217;art et il poss\u00e8de une bonne<\/p>\n<p>connaissance de l&#8217;histoire de la ferronnerie pour identifier les styles et \u00e9poques.<\/p>\n<h3><b>&#8211; Profil et qualit\u00e9s requises<\/b><\/h3>\n<p>Patient et minutieux, le ferronnier doit \u00eatre dot\u00e9 d&#8217;un go\u00fbt artistique prononc\u00e9, ma\u00eetriser le dessin d&#8217;Art, la g\u00e9om\u00e9trie. Il doit \u00e9galement faire preuve d&#8217;une bonne habilet\u00e9 manuelle.<\/p>\n<h3><b>&#8211; P\u00e9riodes de formation en entreprise<\/b><\/h3>\n<p>La PFMP (p\u00e9riode de formation en milieux professionnelle) se fait lors d&#8217;un stage de 6 semaines en milieux d\u2019ann\u00e9e de la formation. (stage qualificatif pour l\u2019examen)<\/p>\n<h3><b>&#8211; D\u00e9bouch\u00e9s et insertion professionnelle<\/b><\/h3>\n<p>Le CAP Ferronnier d\u00e9bouche principalement sur la vie active qui \u00e9voluera soit dans un atelier artisanal pour la fabrication, soit sur un chantier pour effectuer de la restauration de monument.<\/p>\n<h3><b>&#8211; Poursuite d&#8217;\u00e9tudes<\/b><\/h3>\n<p>BMA Ferronnerie d\u2019art (brevet des m\u00e9tiers d\u2019art)<\/p>\n<p><img loading=\"lazy\" class=\"size-medium wp-image-682 alignleft\" style=\"font-weight: bold;\" src=\"https:\/\/lpdiderot10.fr\/wp-content\/uploads\/2018\/09\/Image12-300x166.png\" alt=\"\" width=\"300\" height=\"166\" srcset=\"https:\/\/lpdiderot10.fr\/wp-content\/uploads\/2018\/09\/Image12-300x166.png 300w, https:\/\/lpdiderot10.fr\/wp-content\/uploads\/2018\/09\/Image12-768x424.png 768w, https:\/\/lpdiderot10.fr\/wp-content\/uploads\/2018\/09\/Image12-1024x565.png 1024w, https:\/\/lpdiderot10.fr\/wp-content\/uploads\/2018\/09\/Image12-820x452.png 820w, https:\/\/lpdiderot10.fr\/wp-content\/uploads\/2018\/09\/Image12.png 1383w\" sizes=\"(max-width: 300px) 100vw, 300px\" \/><\/p>\n<div id=\"simple-translate\">\n<div>\n<div class=\"simple-translate-button \" style=\"background-image: url('moz-extension:\/\/000aa6e8-6f6d-4efb-946d-38688b1ef278\/icons\/512.png'); height: 22px; width: 22px; top: 10px; left: 10px;\"><\/div>\n<\/div>\n<\/div>\n<p class=\"simple-translate-candidate\" style=\"color: #737373;\">\n<h3><strong>Formulaire de demande de candidature:<\/strong> <a href=\"https:\/\/lpdiderot10.fr\/wp-content\/uploads\/2025\/05\/Demande-de-candidature.pdf\">Cliquez ICI<\/a><\/h3>\n","protected":false},"excerpt":{"rendered":"<p>Leurs r\u00e9alisations \/ Les actualit\u00e9s Objectifs et formation Cette formation se pr\u00e9pare en 1 ans apr\u00e8s un CAP ou un BAC La ferronnerie est un m\u00e9tier \u00e0 caract\u00e8re technologique et artistique. Ce cr\u00e9ateur con\u00e7oit et r\u00e9alise des ouvrages en fer forg\u00e9 : grilles, portails, rampes d&#8217;escaliers, chenets, cand\u00e9labres, appliques, lampes, tables, gu\u00e9ridons&#8230; Ces cr\u00e9ations sont [&hellip;]<\/p>\n","protected":false},"author":2,"featured_media":2761,"parent":41,"menu_order":7,"comment_status":"closed","ping_status":"closed","template":"page-templates\/page_fullwidth.php","meta":[],"_links":{"self":[{"href":"https:\/\/lpdiderot10.fr\/index.php\/wp-json\/wp\/v2\/pages\/1105"}],"collection":[{"href":"https:\/\/lpdiderot10.fr\/index.php\/wp-json\/wp\/v2\/pages"}],"about":[{"href":"https:\/\/lpdiderot10.fr\/index.php\/wp-json\/wp\/v2\/types\/page"}],"author":[{"embeddable":true,"href":"https:\/\/lpdiderot10.fr\/index.php\/wp-json\/wp\/v2\/users\/2"}],"replies":[{"embeddable":true,"href":"https:\/\/lpdiderot10.fr\/index.php\/wp-json\/wp\/v2\/comments?post=1105"}],"version-history":[{"count":7,"href":"https:\/\/lpdiderot10.fr\/index.php\/wp-json\/wp\/v2\/pages\/1105\/revisions"}],"predecessor-version":[{"id":3857,"href":"https:\/\/lpdiderot10.fr\/index.php\/wp-json\/wp\/v2\/pages\/1105\/revisions\/3857"}],"up":[{"embeddable":true,"href":"https:\/\/lpdiderot10.fr\/index.php\/wp-json\/wp\/v2\/pages\/41"}],"wp:featuredmedia":[{"embeddable":true,"href":"https:\/\/lpdiderot10.fr\/index.php\/wp-json\/wp\/v2\/media\/2761"}],"wp:attachment":[{"href":"https:\/\/lpdiderot10.fr\/index.php\/wp-json\/wp\/v2\/media?parent=1105"}],"curies":[{"name":"wp","href":"https:\/\/api.w.org\/{rel}","templated":true}]}}