{"id":1311,"date":"2020-01-31T21:13:27","date_gmt":"2020-01-31T20:13:27","guid":{"rendered":"http:\/\/lpdiderot10.fr\/?page_id=1311"},"modified":"2025-10-23T18:04:09","modified_gmt":"2025-10-23T16:04:09","slug":"metiers-de-la-securite-bac-pro-2","status":"publish","type":"page","link":"https:\/\/lpdiderot10.fr\/index.php\/formations\/metiers-de-la-securite-bac-pro-2\/","title":{"rendered":"M\u00e9tiers de la s\u00e9curit\u00e9 | Bac Pro"},"content":{"rendered":"<p style=\"text-align: center;\"><strong><span style=\"font-size: 18pt;\">Qu\u2019est ce qu\u2019un<\/span><\/strong><br \/>\n<strong><span style=\"font-size: 18pt;\">Bac pro m\u00e9tiers de la s\u00e9curit\u00e9 ?<\/span><\/strong><\/p>\n<p><span style=\"font-size: 14pt;\">Le titulaire de ce bac pro est pr\u00e9par\u00e9 \u00e0 l\u2019exercice des diff\u00e9rents m\u00e9tiers de la s\u00e9curit\u00e9, de la s\u00fbret\u00e9 et de l\u2019ordre public, de la protection des personnes, des biens et de l\u2019environnement.<\/span><\/p>\n<p><span style=\"font-size: 14pt;\"><b>\u00a0<\/b><\/span><span style=\"font-size: 14pt;\"><b>\u00a0<\/b><\/span><img loading=\"lazy\" class=\"size-full wp-image-1435 aligncenter\" src=\"https:\/\/lpdiderot10.fr\/wp-content\/uploads\/2020\/04\/Image2.png\" alt=\"\" width=\"241\" height=\"250\" \/><\/p>\n<p style=\"text-align: center;\"><span style=\"font-size: 14pt;\"><b>COMP\u00c9TENCES\u00a0D\u00c9VELOPP\u00c9ES\u00a0PENDANT LA FORMATION<\/b><\/span><\/p>\n<p><span style=\"font-size: 14pt;\"><b>\u00a0<\/b><\/span><span style=\"font-size: 14pt;\">\u00c9valuation des risques professionnel, relations client\u00e8les, environnement,<\/span><span style=\"font-size: 14pt;\">\u00a0sant\u00e9, enqu\u00eates, management\u2026<\/span><\/p>\n<p><span style=\"font-size: 14pt;\"><b>\u00a0<\/b><\/span><\/p>\n<p style=\"text-align: center;\"><span style=\"font-size: 14pt;\"><b>MISSIONS DU M\u00c9TIER\u00a0: AGENT DE\u00a0S\u00c9CURIT\u00c9<\/b><\/span><\/p>\n<p><b style=\"font-size: 18.6667px;\"><img loading=\"lazy\" class=\"size-medium wp-image-1436 alignright\" src=\"https:\/\/lpdiderot10.fr\/wp-content\/uploads\/2020\/04\/Image3-300x178.png\" alt=\"\" width=\"300\" height=\"178\" srcset=\"https:\/\/lpdiderot10.fr\/wp-content\/uploads\/2020\/04\/Image3-300x178.png 300w, https:\/\/lpdiderot10.fr\/wp-content\/uploads\/2020\/04\/Image3.png 361w\" sizes=\"(max-width: 300px) 100vw, 300px\" \/><\/b><\/p>\n<p><span style=\"font-size: 14pt;\"><b>\u00a0<\/b><\/span><span style=\"font-size: 14pt;\">Il contribue \u00e0 la s\u00fbret\u00e9, \u00e0 la s\u00e9curit\u00e9 de l\u2019espace public et priv\u00e9. Il lutte contre les incendies conform\u00e9ment aux tec<\/span><span style=\"font-size: 14pt;\">hniques professionnelles. Il assure des missions de secours et d\u2019assistance aux victimes. Il est charg\u00e9 de la surveillan<\/span><span style=\"font-size: 14pt;\">ce des lieux et des acc\u00e8s, rappelle et fait respecter les r\u00e9glementations sp\u00e9cifiques. Il prot\u00e8ge l\u2019int\u00e9grit\u00e9 physique des personnes. Il constate et identifie les atteintes aux biens et\/ou \u00e0 l\u2019environnement ainsi que les situations \u00e0 risques. Le dipl\u00f4m\u00e9, apr\u00e8s recrutement\u00a0<\/span><\/p>\n<p><span style=\"font-size: 14pt;\">par concours ou s\u00e9lection, peut int\u00e9grer la s\u00e9curit\u00e9 publique (police nationale, gendarmerie municipale\u2026), civile ou priv\u00e9e.<\/span><\/p>\n<p style=\"text-align: center;\"><span style=\"font-size: 18pt;\"><b>Formation<\/b><\/span><\/p>\n<p><span style=\"font-size: 14pt;\">Les bacs professionnels se pr\u00e9parent en 3 ans apr\u00e8s la 3e (2de pro, 1re pro et Tle pro), en lyc\u00e9e professionnel. Ils peuvent aussi se pr\u00e9parer apr\u00e8s un CAP ou apr\u00e8s une 2de g\u00e9n\u00e9rale et technologique.<\/span><\/p>\n<p><span style=\"font-size: 14pt;\"><b>50%<\/b> de la formation est consacr\u00e9e \u00e0 l\u2019enseignement professionnel<\/span><\/p>\n<p><span style=\"font-size: 14pt;\"><b>22 semaines de stage <\/b>en entreprise vo<\/span><span style=\"font-size: 14pt;\">us permettent de vivre une exp\u00e9rience sur le terrain, c\u2019est un atout essentiel dans le monde professionnel.<\/span><\/p>\n<p style=\"text-align: center;\"><span style=\"font-size: 14pt;\"><b>CONDITIONS D&#8217;ACC\u00c8S<\/b><\/span><\/p>\n<ul>\n<li><span style=\"font-size: 14pt;\">apr\u00e8s la 3\u00e8me dur\u00e9e 3 ans<\/span><\/li>\n<li><span style=\"font-size: 14pt;\">Satisfaire \u00e0 l\u2019enqu\u00eate de moralit\u00e9 (casier judiciaire vierge) pour la d\u00e9livrance, par le minist\u00e8re de l\u2019Int\u00e9rieur, de la carte professionnelle, indispensable \u00e0 l\u2019exercice du m\u00e9tier d\u2019agent de s\u00e9curit\u00e9<\/span><\/li>\n<\/ul>\n<p><span style=\"font-size: 14pt;\"><b>Des places en apprentissage seront disponibl<\/b><\/span><b style=\"font-size: 14pt;\">es dans cette formation \u00e0 partir de la classe de premi\u00e8re au sein du Lyc\u00e9e Professionnel Denis Diderot Romilly-sur-Seine<\/b><img loading=\"lazy\" class=\"size-medium wp-image-1434 aligncenter\" style=\"font-size: 18.6667px;\" src=\"https:\/\/lpdiderot10.fr\/wp-content\/uploads\/2020\/04\/Image1-300x190.png\" alt=\"\" width=\"300\" height=\"190\" srcset=\"https:\/\/lpdiderot10.fr\/wp-content\/uploads\/2020\/04\/Image1-300x190.png 300w, https:\/\/lpdiderot10.fr\/wp-content\/uploads\/2020\/04\/Image1.png 486w\" sizes=\"(max-width: 300px) 100vw, 300px\" \/><\/p>\n","protected":false},"excerpt":{"rendered":"<p>Qu\u2019est ce qu\u2019un Bac pro m\u00e9tiers de la s\u00e9curit\u00e9 ? Le titulaire de ce bac pro est pr\u00e9par\u00e9 \u00e0 l\u2019exercice des diff\u00e9rents m\u00e9tiers de la s\u00e9curit\u00e9, de la s\u00fbret\u00e9 et de l\u2019ordre public, de la protection des personnes, des biens et de l\u2019environnement. \u00a0\u00a0 COMP\u00c9TENCES\u00a0D\u00c9VELOPP\u00c9ES\u00a0PENDANT LA FORMATION \u00a0\u00c9valuation des risques professionnel, relations client\u00e8les, environnement,\u00a0sant\u00e9, enqu\u00eates, [&hellip;]<\/p>\n","protected":false},"author":10,"featured_media":1315,"parent":41,"menu_order":2,"comment_status":"closed","ping_status":"closed","template":"page-templates\/page_fullwidth.php","meta":[],"_links":{"self":[{"href":"https:\/\/lpdiderot10.fr\/index.php\/wp-json\/wp\/v2\/pages\/1311"}],"collection":[{"href":"https:\/\/lpdiderot10.fr\/index.php\/wp-json\/wp\/v2\/pages"}],"about":[{"href":"https:\/\/lpdiderot10.fr\/index.php\/wp-json\/wp\/v2\/types\/page"}],"author":[{"embeddable":true,"href":"https:\/\/lpdiderot10.fr\/index.php\/wp-json\/wp\/v2\/users\/10"}],"replies":[{"embeddable":true,"href":"https:\/\/lpdiderot10.fr\/index.php\/wp-json\/wp\/v2\/comments?post=1311"}],"version-history":[{"count":4,"href":"https:\/\/lpdiderot10.fr\/index.php\/wp-json\/wp\/v2\/pages\/1311\/revisions"}],"predecessor-version":[{"id":4009,"href":"https:\/\/lpdiderot10.fr\/index.php\/wp-json\/wp\/v2\/pages\/1311\/revisions\/4009"}],"up":[{"embeddable":true,"href":"https:\/\/lpdiderot10.fr\/index.php\/wp-json\/wp\/v2\/pages\/41"}],"wp:featuredmedia":[{"embeddable":true,"href":"https:\/\/lpdiderot10.fr\/index.php\/wp-json\/wp\/v2\/media\/1315"}],"wp:attachment":[{"href":"https:\/\/lpdiderot10.fr\/index.php\/wp-json\/wp\/v2\/media?parent=1311"}],"curies":[{"name":"wp","href":"https:\/\/api.w.org\/{rel}","templated":true}]}}