{"id":1460,"date":"2020-04-30T21:37:19","date_gmt":"2020-04-30T19:37:19","guid":{"rendered":"http:\/\/lpdiderot10.fr\/?page_id=1460"},"modified":"2025-10-23T18:10:36","modified_gmt":"2025-10-23T16:10:36","slug":"equipier-polyvalent-du-commerce-cap","status":"publish","type":"page","link":"https:\/\/lpdiderot10.fr\/index.php\/formations\/equipier-polyvalent-du-commerce-cap\/","title":{"rendered":"\u00c9quipier polyvalent du commerce | CAP"},"content":{"rendered":"<h2>Qu\u2019est ce qu\u2019un professionnel polyvalent du commerce ?<\/h2>\n<h3>D\u00e9finition du m\u00e9tier<\/h3>\n<p>L\u2019employ\u00e9 de libre service travaille soit dans les commerces de d\u00e9tail, soit dans les rayons sp\u00e9cialis\u00e9s des grandes surfaces. Travaille au poste de caisse.<\/p>\n<h3>Vos comp\u00e9tences apr\u00e8s la formation<\/h3>\n<ul>\n<li>G\u00e9rer la r\u00e9ception et le stockage des produits<\/li>\n<li>R\u00e9approvisionner les rayons<\/li>\n<li>Accueillir et Guider le client<\/li>\n<li>Veiller au respect des r\u00e8gles d\u2019hygi\u00e8ne<\/li>\n<\/ul>\n<h3>Vos activit\u00e9s<\/h3>\n<ul>\n<li>Etiqueter, Baliser les produits destin\u00e9s \u00e0 la vente<\/li>\n<li>Manutention et mise en rayon<\/li>\n<li>Informer la client\u00e8le<\/li>\n<li>Gestion de sous-rayon<\/li>\n<li>Travail au poste de caisse<\/li>\n<\/ul>\n<h3>Ce qui vous caract\u00e9rise<\/h3>\n<p>Solide, vous aimez le bruit et le mouvement. Votre m\u00e9tier s\u2019effectue debout avec de nombreux d\u00e9placements. L\u2019emploi du temps est variable et vous pourrez travailler le week-end et les jours f\u00e9ri\u00e9s. Votre m\u00e9tier s\u2019exerce dans les entreprises de commerce quelle que soit leur taille.<\/p>\n<h2>Formation<\/h2>\n<p><b>16 semaines de stage\u00a0<\/b>en entreprise pour vivre une exp\u00e9rience sur le terrain.<\/p>\n<p>C\u2019est un atout essentiel dans le monde professionnel.<\/p>\n<h3>Le contenu de votre formation<\/h3>\n<p><b>Pratique de la r\u00e9ception des produits et de la tenue du lin\u00e9aire et du rayon :<\/b><br \/>\nR\u00e9ceptionner et tenir les r\u00e9serves, maintenir l\u2019\u00e9tat marchand du rayon, r\u00e9ceptionner des produits, approvisionner les rayons.<\/p>\n<p><b>Pratique de la tenue de caisse et de l\u2019information client :<\/b><br \/>\nInformer et intervenir aupr\u00e8s des clients, d\u00e9couvrir et utiliser les postes \u00ab caisse \u00bb.<\/p>\n<p><b>Environnement Economique, Juridique et Social :<\/b><br \/>\nMa\u00eetriser les termes juridiques, sociaux et \u00e9conomico-commerciaux d\u2019entreprise.<\/p>\n<p><b>Domaine g\u00e9n\u00e9ral:<\/b><\/p>\n<p>Fran\u00e7ais- Histoire G\u00e9ographie<br \/>\nMath\u00e9matiques \u2013 Sciences<br \/>\nEducation physique et sportive<br \/>\nLangue vivante (Anglais) facultatif<\/p>\n<h2>Et apr\u00e8s ?<\/h2>\n<h3>Les emplois<\/h3>\n<ul>\n<li>Employ\u00e9 de grande surface<\/li>\n<li>Employ\u00e9 de libre service<\/li>\n<li>Employ\u00e9 de rayon<\/li>\n<li>Gondolier caissier<\/li>\n<li>Employ\u00e9 de libre service caissier<\/li>\n<\/ul>\n<h3>\u00c9volutions<\/h3>\n<ul>\n<li>Responsable rayon<\/li>\n<li>Chef de caisse<\/li>\n<\/ul>\n<p>Possibilit\u00e9 pour les titulaires d\u2019un autre CAP de pr\u00e9parer ce CAP\u00a0 en 1 an (parcours adapt\u00e9).<\/p>\n<h3>Poursuite d\u2019\u00e9tude<\/h3>\n<ul>\n<li>BAC PRO Commerce ou Vente<\/li>\n<li>BAC PRO Accueil \u2013 Relation clients et usagers<\/li>\n<li>Mention compl\u00e9mentaire MC commerce<\/li>\n<li>BAC PRO Vente<\/li>\n<\/ul>\n<h2>\u00c0 savoir<\/h2>\n<p>Formation accessible aux \u00e9l\u00e8ves ULIS (troubles cognitifs) \u2013 pour\u00a0 d\u00e9livrance d\u2019une attestation professionnelle de comp\u00e9tences.<\/p>\n<p>Les titulaires du CAP (toutes sp\u00e9cialit\u00e9s confondues) peuvent pr\u00e9parer ce CAP\u00a0 en 1 an par un parcours adapt\u00e9.<\/p>\n","protected":false},"excerpt":{"rendered":"<p>Qu\u2019est ce qu\u2019un professionnel polyvalent du commerce ? D\u00e9finition du m\u00e9tier L\u2019employ\u00e9 de libre service travaille soit dans les commerces de d\u00e9tail, soit dans les rayons sp\u00e9cialis\u00e9s des grandes surfaces. Travaille au poste de caisse. Vos comp\u00e9tences apr\u00e8s la formation G\u00e9rer la r\u00e9ception et le stockage des produits R\u00e9approvisionner les rayons Accueillir et Guider le [&hellip;]<\/p>\n","protected":false},"author":10,"featured_media":1462,"parent":41,"menu_order":10,"comment_status":"closed","ping_status":"closed","template":"page-templates\/page_fullwidth.php","meta":[],"_links":{"self":[{"href":"https:\/\/lpdiderot10.fr\/index.php\/wp-json\/wp\/v2\/pages\/1460"}],"collection":[{"href":"https:\/\/lpdiderot10.fr\/index.php\/wp-json\/wp\/v2\/pages"}],"about":[{"href":"https:\/\/lpdiderot10.fr\/index.php\/wp-json\/wp\/v2\/types\/page"}],"author":[{"embeddable":true,"href":"https:\/\/lpdiderot10.fr\/index.php\/wp-json\/wp\/v2\/users\/10"}],"replies":[{"embeddable":true,"href":"https:\/\/lpdiderot10.fr\/index.php\/wp-json\/wp\/v2\/comments?post=1460"}],"version-history":[{"count":2,"href":"https:\/\/lpdiderot10.fr\/index.php\/wp-json\/wp\/v2\/pages\/1460\/revisions"}],"predecessor-version":[{"id":1463,"href":"https:\/\/lpdiderot10.fr\/index.php\/wp-json\/wp\/v2\/pages\/1460\/revisions\/1463"}],"up":[{"embeddable":true,"href":"https:\/\/lpdiderot10.fr\/index.php\/wp-json\/wp\/v2\/pages\/41"}],"wp:featuredmedia":[{"embeddable":true,"href":"https:\/\/lpdiderot10.fr\/index.php\/wp-json\/wp\/v2\/media\/1462"}],"wp:attachment":[{"href":"https:\/\/lpdiderot10.fr\/index.php\/wp-json\/wp\/v2\/media?parent=1460"}],"curies":[{"name":"wp","href":"https:\/\/api.w.org\/{rel}","templated":true}]}}