{"id":18,"date":"2018-02-26T15:03:28","date_gmt":"2018-02-26T14:03:28","guid":{"rendered":"http:\/\/localhost\/?page_id=18"},"modified":"2025-11-04T13:42:49","modified_gmt":"2025-11-04T12:42:49","slug":"maintenance-industrielle","status":"publish","type":"page","link":"https:\/\/lpdiderot10.fr\/index.php\/formations\/maintenance-industrielle\/","title":{"rendered":"Maintenance des Syst\u00e8mes de Production Connect\u00e9s | Bac Pro"},"content":{"rendered":"<p><img loading=\"lazy\" class=\"alignnone wp-image-2019\" src=\"https:\/\/lpdiderot10.fr\/wp-content\/uploads\/2021\/03\/planete1-300x55.jpg\" alt=\"\" width=\"1211\" height=\"222\" srcset=\"https:\/\/lpdiderot10.fr\/wp-content\/uploads\/2021\/03\/planete1-300x55.jpg 300w, https:\/\/lpdiderot10.fr\/wp-content\/uploads\/2021\/03\/planete1-768x140.jpg 768w, https:\/\/lpdiderot10.fr\/wp-content\/uploads\/2021\/03\/planete1-1024x187.jpg 1024w, https:\/\/lpdiderot10.fr\/wp-content\/uploads\/2021\/03\/planete1-820x150.jpg 820w, https:\/\/lpdiderot10.fr\/wp-content\/uploads\/2021\/03\/planete1.jpg 1222w\" sizes=\"(max-width: 1211px) 100vw, 1211px\" \/><\/p>\n<p><span style=\"font-size: 18pt;\"><strong>D\u00e9finition<\/strong><\/span><\/p>\n<p><strong>Le (la) titulaire du baccalaur\u00e9at professionnel Maintenance des Syst\u00e8mes de Production Connect\u00e9s est un(e) professionnel(le) polyvalent(e ) dont l&#8217;objectif principal est de limiter le taux de panne ou d&#8217;indisponibilit\u00e9 des syst\u00e8mes quel que soit le type d&#8217;anomalie : m\u00e9canique, \u00e9lectrique, pneumatique, hydraulique&#8230; en utilisant tous les moyens technologiques, humains et savoirs\/connaissances qu&#8217;il a \u00e0 sa disposition.<\/strong><\/p>\n<p><strong>Il (elle) est le garant de leur disponibilit\u00e9 et de l&#8217;am\u00e9lioration des syst\u00e8mes de production ou de service, pour assurer les fonctions pr\u00e9vues (cadences, disponibilit\u00e9s, &#8230; ) tout au long de leur cycle de vie ( depuis l&#8217;installation jusqu&#8217;au d\u00e9mant\u00e8lement ).<\/strong><\/p>\n<p><img loading=\"lazy\" class=\"alignnone wp-image-2005\" src=\"https:\/\/lpdiderot10.fr\/wp-content\/uploads\/2021\/03\/word-image-8.jpeg\" alt=\"\" width=\"165\" height=\"125\" srcset=\"https:\/\/lpdiderot10.fr\/wp-content\/uploads\/2021\/03\/word-image-8.jpeg 354w, https:\/\/lpdiderot10.fr\/wp-content\/uploads\/2021\/03\/word-image-8-300x227.jpeg 300w\" sizes=\"(max-width: 165px) 100vw, 165px\" \/><img loading=\"lazy\" class=\"alignnone wp-image-2007\" src=\"https:\/\/lpdiderot10.fr\/wp-content\/uploads\/2021\/03\/word-image-10.jpeg\" alt=\"\" width=\"95\" height=\"125\" \/><img loading=\"lazy\" class=\"alignnone wp-image-2006\" src=\"https:\/\/lpdiderot10.fr\/wp-content\/uploads\/2021\/03\/word-image-9.jpeg\" alt=\"\" width=\"166\" height=\"125\" \/><img loading=\"lazy\" class=\"alignnone wp-image-2012\" src=\"https:\/\/lpdiderot10.fr\/wp-content\/uploads\/2021\/03\/word-image-15.jpeg\" alt=\"\" width=\"168\" height=\"125\" \/><img loading=\"lazy\" class=\"alignnone wp-image-2008\" src=\"https:\/\/lpdiderot10.fr\/wp-content\/uploads\/2021\/03\/word-image-11.jpeg\" alt=\"\" width=\"93\" height=\"125\" \/><img loading=\"lazy\" class=\"alignnone wp-image-2010\" src=\"https:\/\/lpdiderot10.fr\/wp-content\/uploads\/2021\/03\/word-image-13.jpeg\" alt=\"\" width=\"158\" height=\"125\" srcset=\"https:\/\/lpdiderot10.fr\/wp-content\/uploads\/2021\/03\/word-image-13.jpeg 336w, https:\/\/lpdiderot10.fr\/wp-content\/uploads\/2021\/03\/word-image-13-300x238.jpeg 300w\" sizes=\"(max-width: 158px) 100vw, 158px\" \/><img loading=\"lazy\" class=\"alignnone wp-image-2009\" src=\"https:\/\/lpdiderot10.fr\/wp-content\/uploads\/2021\/03\/word-image-12.jpeg\" alt=\"\" width=\"93\" height=\"125\" \/><img loading=\"lazy\" class=\"alignnone wp-image-2011\" src=\"https:\/\/lpdiderot10.fr\/wp-content\/uploads\/2021\/03\/word-image-14.jpeg\" alt=\"\" width=\"167\" height=\"125\" srcset=\"https:\/\/lpdiderot10.fr\/wp-content\/uploads\/2021\/03\/word-image-14.jpeg 358w, https:\/\/lpdiderot10.fr\/wp-content\/uploads\/2021\/03\/word-image-14-300x225.jpeg 300w\" sizes=\"(max-width: 167px) 100vw, 167px\" \/><\/p>\n<h1>Les activit\u00e9s professionnelles<\/h1>\n<p><strong>Dans tous les secteurs, le (la) technicien(ne) de maintenance industrielle assure des missions de maintenance pr\u00e9ventive et corrective sur tous types de syst\u00e8mes, d\u00e9tecte les pannes et \u00e9tablit un diagnostic avant son intervention.<\/strong><\/p>\n<p><em>&#8220;Nous utilisons <a href=\"https:\/\/robodk.com\/\">RoboDK<\/a> pour la simulation et la programmation hors ligne de robots industriels&#8221;<\/em><\/p>\n<p><strong>En fonction des diff\u00e9rents contextes et\/ou organisation des entreprises, les missions ou activit\u00e9s du (de la) titulaire de ce dipl\u00f4me peuvent porter \u00e0 titre d&#8217;exemples sur :<\/strong><\/p>\n<ul style=\"list-style-type: disc;\">\n<li>\n<h2><span style=\"font-size: 12pt;\">Le diagnostic et contr\u00f4le de syst\u00e8mes pluri technologiques<\/span><\/h2>\n<\/li>\n<li>\n<h2><span style=\"font-size: 14pt;\">\u00a0<\/span><span style=\"font-size: 12pt;\">La r\u00e9alisation d&#8217;interventions de maintenance pr\u00e9ventive ou corrective en m\u00e9canique, \u00e9lectrotechnique, automatisme<\/span><\/h2>\n<\/li>\n<li>\n<h2><span style=\"font-size: 12pt;\">La capitalisation d&#8217;exp\u00e9riences et \/&#8217;am\u00e9lioration continue<\/span><\/h2>\n<\/li>\n<\/ul>\n<p><strong>En fonction de la taille et de l&#8217;organisation de l&#8217;entreprise industrielle, le (la) titulaire du baccalaur\u00e9at professionnel Maintenance des Syst\u00e8mes de Production Connect\u00e9s prend en charge les diff\u00e9rentes op\u00e9rations de maintenance (pr\u00e9ventive, corrective et am\u00e9liorative). Il (elle) intervient notamment sur des syst\u00e8mes, qu&#8217;ils soient regroup\u00e9s sur un m\u00eame site ou qu&#8217;ils soient r\u00e9partis sur un territoire. La ma\u00eetrise des bases du m\u00e9tier en (m\u00e9canique, \u00e9lectrique, pneumatique, hydraulique, entre autres) lui permet de mener \u00e0 bien des op\u00e9rations simples de maintenance.<\/strong><\/p>\n<p><img loading=\"lazy\" width=\"2233\" height=\"1405\" class=\"wp-image-2013\" src=\"https:\/\/lpdiderot10.fr\/wp-content\/uploads\/2021\/03\/word-image-1.png\" srcset=\"https:\/\/lpdiderot10.fr\/wp-content\/uploads\/2021\/03\/word-image-1.png 2233w, https:\/\/lpdiderot10.fr\/wp-content\/uploads\/2021\/03\/word-image-1-300x189.png 300w, https:\/\/lpdiderot10.fr\/wp-content\/uploads\/2021\/03\/word-image-1-768x483.png 768w, https:\/\/lpdiderot10.fr\/wp-content\/uploads\/2021\/03\/word-image-1-1024x644.png 1024w, https:\/\/lpdiderot10.fr\/wp-content\/uploads\/2021\/03\/word-image-1-820x516.png 820w\" sizes=\"(max-width: 2233px) 100vw, 2233px\" \/><\/p>\n<h2>Les secteurs d&#8217;activit\u00e9:<\/h2>\n<p><img loading=\"lazy\" class=\"wp-image-2014 alignright\" src=\"https:\/\/lpdiderot10.fr\/wp-content\/uploads\/2021\/03\/word-image-16.jpeg\" width=\"484\" height=\"227\" srcset=\"https:\/\/lpdiderot10.fr\/wp-content\/uploads\/2021\/03\/word-image-16.jpeg 614w, https:\/\/lpdiderot10.fr\/wp-content\/uploads\/2021\/03\/word-image-16-300x141.jpeg 300w\" sizes=\"(max-width: 484px) 100vw, 484px\" \/><\/p>\n<p><strong>Le m\u00e9tier s&#8217;exerce principalement dans les entreprises : <\/strong><\/p>\n<ul>\n<li><strong>des secteurs a\u00e9ronautique, automobile, ferroviaire ou naval ;<\/strong><\/li>\n<\/ul>\n<ul>\n<li><strong>de l&#8217;industrie chimique, p\u00e9trochimique, pharmaceutique ou agro-alimentaire ;<\/strong><\/li>\n<\/ul>\n<ul>\n<li><strong>des sites de production de l&#8217;\u00e9nergie \u00e9lectrique ;<\/strong><\/li>\n<\/ul>\n<ul>\n<li><strong>et tout autre secteur n\u00e9cessitant de la maintenance de syst\u00e8mes&#8230;<\/strong><\/li>\n<\/ul>\n<h3><span style=\"font-size: 18pt;\">Perspectives d&#8217;\u2019 \u00e9volution du m\u00e9tier:<\/span><\/h3>\n<p><strong>Les usines de l&#8217;industrie du futur repr\u00e9sentent un changement de mod\u00e8le de production en favorisant les plus hautes marges, les plus hautes qualifications. <\/strong><\/p>\n<p><strong>Ces usines permettent de produire des quantit\u00e9s parfois plus petites \u00e0 plus haute valeur ajout\u00e9e <\/strong><\/p>\n<p><strong>L&#8217;optimisation des lignes de production et de la qualit\u00e9 des produits repose sur une optimisation de plus en plus fine qui n\u00e9cessite la prise en compte de l&#8217;ensemble des phases de vie des produits. Cette r\u00e9flexion est valable tout autant en ce qui concerne les machines de production industrielle que pour les produits eux-m\u00eames. C&#8217;est pourquoi, la maintenance est une phase de vie cl\u00e9 qui n\u00e9cessite une prise en compte large \u00e0 de nombreuses \u00e9tapes de la cha\u00eene de cr\u00e9ation de valeur. <\/strong><\/p>\n<p><span style=\"color: #0000ff;\"><strong>La maintenance est au c<\/strong>\u0153<strong>ur des r\u00e9volutions gr\u00e2ce \u00e0 l&#8217;int\u00e9gration de nouvelles technologies au c<\/strong>\u0153<strong>ur m\u00eame de l&#8217;usine : loT2, r\u00e9alit\u00e9 virtuelle et augment\u00e9e, t\u00e9l\u00e9maintenance &#8230;<\/strong><\/span><\/p>\n<p><span style=\"color: #0000ff;\"><strong>Ces technologies transforment en profondeur le m\u00e9tier du (de la) titulaire du baccalaur\u00e9at professionnel &#8220;Maintenance des Syst\u00e8mes de Production Connect\u00e9s&#8221;.<\/strong><\/span><\/p>\n<p><strong><span style=\"font-size: 18pt;\">Les emplois:<\/span><\/strong><\/p>\n<p><strong>Les intitul\u00e9s du poste les plus couramment attribu\u00e9s au titulaire du baccalaur\u00e9at professionnel Maintenance des Syst\u00e8mes de Production Connect\u00e9s sont : <\/strong><\/p>\n<p style=\"text-align: center;\"><span style=\"font-size: 18pt; color: #0000ff;\"><strong>Technicien(ne) de maintenance ou Agent(e) de maintenance. <\/strong><\/span><\/p>\n<p><span style=\"font-size: 18pt;\"><strong>Perspectives de carri\u00e8re:<\/strong><\/span><\/p>\n<p><strong>Le (la) technicien(ne) de maintenance peut assurer apr\u00e8s quelques ann\u00e9es des fonctions : <\/strong><\/p>\n<p><strong>d&#8217;encadrement, de charg\u00e9(e) d&#8217;affaires maintenance et service, de technicien(ne) de support technique \u00e0 distance, . <\/strong><\/p>\n<p><strong>Il (elle) peut ensuite \u00e9voluer au poste de chef d&#8217;\u00e9quipe et se diriger vers le contr\u00f4le qualit\u00e9 ou la production. <\/strong><\/p>\n<h3><span style=\"font-size: 18pt;\">Votre profil:<\/span><\/h3>\n<p><strong>Vous \u00eates : fille , gar\u00e7on, curieux (euse) ,patient(e) ,calme\u2026.. <\/strong><\/p>\n<p><strong>Vous aimez : les math\u00e9matiques, les sciences, l\u2019informatique ,la technologie \u2026&#8230;<\/strong><\/p>\n<p><strong>Contact: <\/strong><\/p>\n<p><img loading=\"lazy\" class=\"wp-image-2021 aligncenter\" src=\"https:\/\/lpdiderot10.fr\/wp-content\/uploads\/2021\/03\/logo-lp-denis-diderot-2020-mspc-image-300x168.jpg\" alt=\"\" width=\"887\" height=\"497\" srcset=\"https:\/\/lpdiderot10.fr\/wp-content\/uploads\/2021\/03\/logo-lp-denis-diderot-2020-mspc-image-300x168.jpg 300w, https:\/\/lpdiderot10.fr\/wp-content\/uploads\/2021\/03\/logo-lp-denis-diderot-2020-mspc-image-768x431.jpg 768w, https:\/\/lpdiderot10.fr\/wp-content\/uploads\/2021\/03\/logo-lp-denis-diderot-2020-mspc-image-1024x575.jpg 1024w, https:\/\/lpdiderot10.fr\/wp-content\/uploads\/2021\/03\/logo-lp-denis-diderot-2020-mspc-image-820x460.jpg 820w, https:\/\/lpdiderot10.fr\/wp-content\/uploads\/2021\/03\/logo-lp-denis-diderot-2020-mspc-image.jpg 1918w\" sizes=\"(max-width: 887px) 100vw, 887px\" \/><\/p>\n","protected":false},"excerpt":{"rendered":"<p>D\u00e9finition Le (la) titulaire du baccalaur\u00e9at professionnel Maintenance des Syst\u00e8mes de Production Connect\u00e9s est un(e) professionnel(le) polyvalent(e ) dont l&#8217;objectif principal est de limiter le taux de panne ou d&#8217;indisponibilit\u00e9 des syst\u00e8mes quel que soit le type d&#8217;anomalie : m\u00e9canique, \u00e9lectrique, pneumatique, hydraulique&#8230; en utilisant tous les moyens technologiques, humains et savoirs\/connaissances qu&#8217;il a \u00e0 [&hellip;]<\/p>\n","protected":false},"author":2,"featured_media":140,"parent":41,"menu_order":4,"comment_status":"closed","ping_status":"closed","template":"page-templates\/page_fullwidth.php","meta":[],"_links":{"self":[{"href":"https:\/\/lpdiderot10.fr\/index.php\/wp-json\/wp\/v2\/pages\/18"}],"collection":[{"href":"https:\/\/lpdiderot10.fr\/index.php\/wp-json\/wp\/v2\/pages"}],"about":[{"href":"https:\/\/lpdiderot10.fr\/index.php\/wp-json\/wp\/v2\/types\/page"}],"author":[{"embeddable":true,"href":"https:\/\/lpdiderot10.fr\/index.php\/wp-json\/wp\/v2\/users\/2"}],"replies":[{"embeddable":true,"href":"https:\/\/lpdiderot10.fr\/index.php\/wp-json\/wp\/v2\/comments?post=18"}],"version-history":[{"count":27,"href":"https:\/\/lpdiderot10.fr\/index.php\/wp-json\/wp\/v2\/pages\/18\/revisions"}],"predecessor-version":[{"id":4017,"href":"https:\/\/lpdiderot10.fr\/index.php\/wp-json\/wp\/v2\/pages\/18\/revisions\/4017"}],"up":[{"embeddable":true,"href":"https:\/\/lpdiderot10.fr\/index.php\/wp-json\/wp\/v2\/pages\/41"}],"wp:featuredmedia":[{"embeddable":true,"href":"https:\/\/lpdiderot10.fr\/index.php\/wp-json\/wp\/v2\/media\/140"}],"wp:attachment":[{"href":"https:\/\/lpdiderot10.fr\/index.php\/wp-json\/wp\/v2\/media?parent=18"}],"curies":[{"name":"wp","href":"https:\/\/api.w.org\/{rel}","templated":true}]}}