{"id":20,"date":"2018-02-26T15:04:02","date_gmt":"2018-02-26T14:04:02","guid":{"rendered":"http:\/\/localhost\/?page_id=20"},"modified":"2025-10-23T18:04:38","modified_gmt":"2025-10-23T16:04:38","slug":"gestion-administration","status":"publish","type":"page","link":"https:\/\/lpdiderot10.fr\/index.php\/formations\/gestion-administration\/","title":{"rendered":"Assistant \u00e0 la Gestion des ORganisations et de leurs Activit\u00e9s | Bac Pro"},"content":{"rendered":"<p style=\"text-align: center;\"><iframe loading=\"lazy\" src=\"\/\/www.youtube.com\/embed\/2HDwdompqSg?si=FyNJFSP3FLq-jeAh\" width=\"560\" height=\"314\" allowfullscreen=\"allowfullscreen\"><\/iframe><\/p>\n<p><b><i>Qu\u2019est ce qu&#8217;un Assistant de Gestion?<\/i><\/b><\/p>\n<p><strong>D\u00e9finition du m\u00e9tier<\/strong><\/p>\n<p>La mission du titulaire du baccalaur\u00e9at professionnel Assistant de Gestion des ORganisations et de leurs Activit\u00e9s consiste \u00e0 prendre en charge les activit\u00e9s relevant de la <b>gestion administrative<\/b>, principalement au sein <b>d\u2019entreprises <\/b>de petite et moyenne taille, <b>de collectivit\u00e9s<\/b> <b>territoriales<\/b>, <b>d\u2019administrations<\/b> ou encore <b>d\u2019associations<\/b>.<\/p>\n<p><b>Les activit\u00e9s du m\u00e9tier <\/b><\/p>\n<p>Le gestionnaire administratif est l\u2019interlocuteur incontournable d\u2019un service ou d\u2019une entreprise.<\/p>\n<p>Gr\u00e2ce \u00e0 sa qualit\u00e9 relationnelle, il est le r\u00e9f\u00e9rent reconnu aupr\u00e8s des interlocuteurs\u00a0 externes\u00a0 de\u00a0 l\u2019entreprise.<\/p>\n<p>Sa capacit\u00e9 professionnelle lui permettra de s\u2019associer \u00e0 la mise en \u0153uvre de projets au sein de l\u2019entreprise ou d\u2019un service.<\/p>\n<p>Il a un r\u00f4le d\u2019assistant aupr\u00e8s des responsables. Il s\u2019agit de seconder un dirigeant\u00a0 ou\u00a0 un\u00a0 chef\u00a0 de\u00a0 service\u00a0 en\u00a0 le d\u00e9chargeant de tous les aspects administratifs, r\u00e8glementaires et juridiques.<\/p>\n<p><b><i>La Formation <\/i><\/b><\/p>\n<p>Cette formation s\u2019appuie sur quatre p\u00f4les d\u2019activit\u00e9s professionnelles :<\/p>\n<p><b>P\u00f4le 1<\/b><\/p>\n<p>Gestion administrative des relations externes<\/p>\n<p><b>P\u00f4le 2<\/b><\/p>\n<p>Gestion administrative des relations avec le personnel<\/p>\n<p><b>P\u00f4le 3<\/b><\/p>\n<p>Gestion administrative interne<\/p>\n<p><b>P\u00f4le 4<\/b><\/p>\n<p>Gestion administrative des projets<\/p>\n<p>Toutes ces activit\u00e9s administratives, de communication et de gestion sont r\u00e9alis\u00e9es \u00e0 l\u2019aide de nouveaux outils num\u00e9riques.<\/p>\n<p>Des ateliers r\u00e9dactionnels permettent d\u2019am\u00e9liorer la ma\u00eetrise de la langue fran\u00e7aise.<\/p>\n<p><b><i>Et apr\u00e8s ?<\/i><\/b><\/p>\n<p><b>Les emplois <\/b><\/p>\n<ul>\n<li>Gestionnaire administratif<\/li>\n<li>Assistant administratif<\/li>\n<li>Secr\u00e9taire administratif<\/li>\n<li>Technicien des services administratifs<\/li>\n<li>Assistant de gestion<\/li>\n<li>Gestionnaire commercial<\/li>\n<li>Gestionnaire du personnel<\/li>\n<li>Agent de gestion administrative<\/li>\n<\/ul>\n<p><b>Exemples de formations apr\u00e8s le baccalaur\u00e9at professionnel <\/b><\/p>\n<ul>\n<li>MC Assistance, conseil, vente \u00e0 distance.<\/li>\n<li>BTS Assistant de gestion de PME PMI \u00e0 r\u00e9f\u00e9rentiel commun europ\u00e9en.<\/li>\n<li>BTS Assistant (e) manager.<\/li>\n<\/ul>\n<p><b>Les concours<\/b><\/p>\n<ul>\n<li>Des arm\u00e9es : Terre, Gendarmerie, \u2026<\/li>\n<li>Des fonctions publiques : Etat, Territoriale et hospitali\u00e8re.<\/li>\n<\/ul>\n<p><b><i>\u00c0 savoir <\/i><\/b><\/p>\n<p>Formation accessible aux \u00e9l\u00e8ves d\u2019ULIS<\/p>\n<p>Possibilit\u00e9 pour les titulaires d\u2019un autre CAP de pr\u00e9parer ce dipl\u00f4me\u00a0 en 2 an (parcours adapt\u00e9).<\/p>\n","protected":false},"excerpt":{"rendered":"<p>Qu\u2019est ce qu&#8217;un Assistant de Gestion? D\u00e9finition du m\u00e9tier La mission du titulaire du baccalaur\u00e9at professionnel Assistant de Gestion des ORganisations et de leurs Activit\u00e9s consiste \u00e0 prendre en charge les activit\u00e9s relevant de la gestion administrative, principalement au sein d\u2019entreprises de petite et moyenne taille, de collectivit\u00e9s territoriales, d\u2019administrations ou encore d\u2019associations. Les activit\u00e9s [&hellip;]<\/p>\n","protected":false},"author":2,"featured_media":143,"parent":41,"menu_order":3,"comment_status":"closed","ping_status":"closed","template":"page-templates\/page_fullwidth.php","meta":[],"_links":{"self":[{"href":"https:\/\/lpdiderot10.fr\/index.php\/wp-json\/wp\/v2\/pages\/20"}],"collection":[{"href":"https:\/\/lpdiderot10.fr\/index.php\/wp-json\/wp\/v2\/pages"}],"about":[{"href":"https:\/\/lpdiderot10.fr\/index.php\/wp-json\/wp\/v2\/types\/page"}],"author":[{"embeddable":true,"href":"https:\/\/lpdiderot10.fr\/index.php\/wp-json\/wp\/v2\/users\/2"}],"replies":[{"embeddable":true,"href":"https:\/\/lpdiderot10.fr\/index.php\/wp-json\/wp\/v2\/comments?post=20"}],"version-history":[{"count":18,"href":"https:\/\/lpdiderot10.fr\/index.php\/wp-json\/wp\/v2\/pages\/20\/revisions"}],"predecessor-version":[{"id":3354,"href":"https:\/\/lpdiderot10.fr\/index.php\/wp-json\/wp\/v2\/pages\/20\/revisions\/3354"}],"up":[{"embeddable":true,"href":"https:\/\/lpdiderot10.fr\/index.php\/wp-json\/wp\/v2\/pages\/41"}],"wp:featuredmedia":[{"embeddable":true,"href":"https:\/\/lpdiderot10.fr\/index.php\/wp-json\/wp\/v2\/media\/143"}],"wp:attachment":[{"href":"https:\/\/lpdiderot10.fr\/index.php\/wp-json\/wp\/v2\/media?parent=20"}],"curies":[{"name":"wp","href":"https:\/\/api.w.org\/{rel}","templated":true}]}}