{"id":203,"date":"2018-02-28T12:08:22","date_gmt":"2018-02-28T11:08:22","guid":{"rendered":"http:\/\/lpdiderot10.fr\/?page_id=203"},"modified":"2025-10-23T17:44:15","modified_gmt":"2025-10-23T15:44:15","slug":"organigramme","status":"publish","type":"page","link":"https:\/\/lpdiderot10.fr\/index.php\/presentation\/organigramme\/","title":{"rendered":"Organigramme"},"content":{"rendered":"<p><img loading=\"lazy\" width=\"413\" height=\"180\" class=\"wp-image-1776\" src=\"https:\/\/lpdiderot10.fr\/wp-content\/uploads\/2020\/09\/word-image-23.png\" srcset=\"https:\/\/lpdiderot10.fr\/wp-content\/uploads\/2020\/09\/word-image-23.png 413w, https:\/\/lpdiderot10.fr\/wp-content\/uploads\/2020\/09\/word-image-23-300x131.png 300w\" sizes=\"(max-width: 413px) 100vw, 413px\" \/><\/p>\n<p><span style=\"text-decoration: underline;\"><span style=\"font-size: 14pt;\"><strong>Service direction\u00a0:<\/strong><\/span><\/span><\/p>\n<p><strong>Elisabeth Henry<\/strong>, proviseure : <a href=\"mailto:elisabeth.henry@ac-reims.fr\">elisabeth.henry@ac-reims.fr<\/a><\/p>\n<p><strong>Peggy Moricelly<\/strong>, proviseure adjointe : <a href=\"mailto:peggy.gruget@ac-reims.fr\">peggy.gruget@ac-reims.fr<\/a><\/p>\n<p><strong>Manon Hulin<\/strong> , assistante de direction : <a href=\"mailto:manon.hulin@ac-reims.fr\">manon.hulin@ac-reims.fr<\/a><\/p>\n<p><strong>Manon Piffre<\/strong>, secr\u00e9tariat \u00e9l\u00e8ve : <a href=\"mailto:manon.piffre@ac-reims.fr\">manon.piffre@ac-reims.fr<\/a><\/p>\n<p><span style=\"text-decoration: underline;\"><strong><span style=\"font-size: 14pt;\">Service DDFPT\u00a0:<\/span><\/strong><\/span><\/p>\n<p><strong>Didier Krein<\/strong> : directeur du service : <a href=\"mailto:didier.krein@ac-reims.fr\">didier.krein@ac-reims.fr<\/a><\/p>\n<p><strong>Myriam Khain<\/strong>, bureau des entreprises: <a href=\"mailto:myriam.khain@ac-reims.fr\">myriam.khain@ac-reims.fr<\/a><\/p>\n<p><span style=\"text-decoration: underline;\"><strong><span style=\"font-size: 14pt;\">Service vie scolaire\u00a0:<\/span><\/strong><\/span><\/p>\n<p><strong>Claire Fran\u00e7ois <\/strong>: CPE : <a href=\"mailto:claire.francois@ac-reims.fr\">claire.francois@ac-reims.fr<\/a><\/p>\n<p><strong>S\u00e9bastien Florentino<\/strong>\u00a0: CPE\u00a0:\u00a0<a href=\"mailto:sebastien.florentino@ac-reims.fr\">sebastien.florentino@ac-reims.fr<\/a><\/p>\n<p><strong>Dabia Azzouz<\/strong>, assistante d\u2019\u00e9ducation<\/p>\n<p><strong>Mathieu Petitjean<\/strong>, assistante d\u2019\u00e9ducation<\/p>\n<p><strong>Roxanne Aubert<\/strong>, assistant d\u2019\u00e9ducation<\/p>\n<p><strong>Alain Ketegaza<\/strong>, , assistant d\u2019\u00e9ducation<\/p>\n<p><strong>Laura Dore<\/strong>, assistant d\u2019\u00e9ducation<\/p>\n<p><strong>Micka\u00ebl Tansaout<\/strong>, assistant d\u2019\u00e9ducation<\/p>\n<p><strong>Pedro Dias-de-Oliveira<\/strong>, assistant d\u2019\u00e9ducation<\/p>\n<p><strong>Bryan Pasquier<\/strong>, assistant d\u2019\u00e9ducation<\/p>\n<p><strong>Philippe Le<\/strong>, Tice<\/p>\n<p><span style=\"text-decoration: underline;\"><strong><span style=\"font-size: 14pt;\">Service m\u00e9dico-social\u00a0:<\/span><\/strong><\/span><\/p>\n<p><strong>Val\u00e9rie Garcia<\/strong>, infirmi\u00e8re\u00a0: <a href=\"mailto:valerie.garcia@ac-reims.fr\">valerie.garcia@ac-reims.fr<\/a><\/p>\n<p><strong>Mandy Bajeot<\/strong>, assistante sociale\u00a0: <a href=\"mailto:mandy.bajeot@ac-reims.fr\">mandy.bajeot@ac-reims.fr<\/a><\/p>\n<p><strong>Samantha Laurent<\/strong>, psychologue : <a href=\"mailto:Samantha.Laurent@ac-reims.fr\">Samantha.Laurent@ac-reims.fr<\/a><\/p>\n<p><span style=\"text-decoration: underline;\"><span style=\"font-size: 14pt;\"><strong>Service gestion et Agence Comptable\u00a0:<\/strong><\/span><\/span><\/p>\n<p><strong>Saloua El-Hakkouni<\/strong>, secr\u00e9taire g\u00e9n\u00e9rale : <a href=\"mailto:Saloua.El-Hakkouni@ac-reims.fr\">Saloua.El-Hakkouni@ac-reims.fr<\/a><\/p>\n<p><strong>Val\u00e9rie Deroubaix<\/strong>, secr\u00e9taire intendance : <a href=\"mailto:valerie.deroubaix@ac-reims.fr\">valerie.deroubaix@ac-reims.fr<\/a><\/p>\n<p><strong>Anastasia Lambert<\/strong>, assistante gestion : <a href=\"mailto:anastasia.lambert@ac-reims.fr\">anastasia.lambert@ac-reims.fr<\/a><\/p>\n<p><strong><span style=\"font-size: 14pt;\">Service de restauration\u00a0:<\/span><\/strong><\/p>\n<p><strong>Christophe Myly<\/strong>, chef de cuisine\u00a0: <a href=\"mailto:restaurationdiderot@gmail.com\">restaurationdiderot@gmail.com<\/a><\/p>\n<p><span style=\"font-size: 14pt;\"><strong>Service accueil, maintenance, entretien\u00a0:<\/strong><\/span><\/p>\n<p><strong>Fran\u00e7ois-Marie Gueutin<\/strong>, responsable encadrant :<\/p>\n<p><strong>Nicole Gouet<\/strong>\u00a0: agent d\u2019accueil<\/p>\n","protected":false},"excerpt":{"rendered":"<p>Service direction\u00a0: Elisabeth Henry, proviseure : elisabeth.henry@ac-reims.fr Peggy Moricelly, proviseure adjointe : peggy.gruget@ac-reims.fr Manon Hulin , assistante de direction : manon.hulin@ac-reims.fr Manon Piffre, secr\u00e9tariat \u00e9l\u00e8ve : manon.piffre@ac-reims.fr Service DDFPT\u00a0: Didier Krein : directeur du service : didier.krein@ac-reims.fr Myriam Khain, bureau des entreprises: myriam.khain@ac-reims.fr Service vie scolaire\u00a0: Claire Fran\u00e7ois : CPE : claire.francois@ac-reims.fr S\u00e9bastien Florentino\u00a0: CPE\u00a0:\u00a0sebastien.florentino@ac-reims.fr [&hellip;]<\/p>\n","protected":false},"author":2,"featured_media":0,"parent":107,"menu_order":0,"comment_status":"closed","ping_status":"closed","template":"page-templates\/page_fullwidth.php","meta":[],"_links":{"self":[{"href":"https:\/\/lpdiderot10.fr\/index.php\/wp-json\/wp\/v2\/pages\/203"}],"collection":[{"href":"https:\/\/lpdiderot10.fr\/index.php\/wp-json\/wp\/v2\/pages"}],"about":[{"href":"https:\/\/lpdiderot10.fr\/index.php\/wp-json\/wp\/v2\/types\/page"}],"author":[{"embeddable":true,"href":"https:\/\/lpdiderot10.fr\/index.php\/wp-json\/wp\/v2\/users\/2"}],"replies":[{"embeddable":true,"href":"https:\/\/lpdiderot10.fr\/index.php\/wp-json\/wp\/v2\/comments?post=203"}],"version-history":[{"count":28,"href":"https:\/\/lpdiderot10.fr\/index.php\/wp-json\/wp\/v2\/pages\/203\/revisions"}],"predecessor-version":[{"id":4004,"href":"https:\/\/lpdiderot10.fr\/index.php\/wp-json\/wp\/v2\/pages\/203\/revisions\/4004"}],"up":[{"embeddable":true,"href":"https:\/\/lpdiderot10.fr\/index.php\/wp-json\/wp\/v2\/pages\/107"}],"wp:attachment":[{"href":"https:\/\/lpdiderot10.fr\/index.php\/wp-json\/wp\/v2\/media?parent=203"}],"curies":[{"name":"wp","href":"https:\/\/api.w.org\/{rel}","templated":true}]}}