{"id":2050,"date":"2021-03-14T19:35:27","date_gmt":"2021-03-14T18:35:27","guid":{"rendered":"http:\/\/lpdiderot10.fr\/?page_id=2050"},"modified":"2023-09-13T17:25:09","modified_gmt":"2023-09-13T15:25:09","slug":"taxe-dapprentissage","status":"publish","type":"page","link":"https:\/\/lpdiderot10.fr\/index.php\/taxe-dapprentissage\/","title":{"rendered":"Taxe d&#8217;apprentissage"},"content":{"rendered":"<table style=\"width: 99.495%; border-collapse: collapse; border-color: #ffffff;\" border=\"0\">\n<tbody>\n<tr>\n<td style=\"width: 26.0513%; vertical-align: top;\">\n<p dir=\"ltr\" style=\"text-align: right;\"><span style=\"font-size: 10pt;\">Le DDFPT<\/span><\/p>\n<p style=\"text-align: right;\"><span style=\"font-family: inherit; font-size: 10pt;\">Le Directeur D\u00e9l\u00e9gu\u00e9 aux Formations Professionnelles et Technologiques<\/span><\/p>\n<p dir=\"ltr\" style=\"text-align: right;\"><span style=\"font-size: 10pt;\">Affaire suivie par le DDFPT<\/span><\/p>\n<p dir=\"ltr\" style=\"text-align: right;\"><span style=\"font-size: 10pt;\">Didier KREIN<\/span><\/p>\n<p dir=\"ltr\" style=\"text-align: right;\"><span style=\"font-size: 10pt;\">T\u00e9l\u00e9phone:\u00a0<\/span><span style=\"font-size: 10pt;\">03.25.21.95.81<\/span><\/p>\n<p dir=\"ltr\" style=\"text-align: right;\"><span style=\"font-size: 10pt;\">Mel :\u00a0<\/span><a href=\"mailto:didier.krein@ac-reims.fr\"><span style=\"font-size: 10pt;\">didier.krein@ac-reims.fr<\/span><\/a><\/p>\n<p dir=\"ltr\" style=\"text-align: right;\"><span style=\"font-size: 10pt;\">102, avenue Jean Jaur\u00e8s<\/span><\/p>\n<p dir=\"ltr\" style=\"text-align: right;\"><span style=\"font-size: 10pt;\">10100 Romilly-sur-Seine<\/span><\/p>\n<\/td>\n<td style=\"width: 1.51753%;\">\n<p dir=\"ltr\"><span style=\"font-size: 10pt;\">\u00a0<\/span><\/p>\n<\/td>\n<td style=\"width: 72.1984%;\">\n<p dir=\"ltr\">Madame, Monsieur,<\/p>\n<p dir=\"ltr\">\n<p dir=\"ltr\">Votre entreprise devra prochainement proc\u00e9der au versement de sa taxe d\u2019apprentissage. C\u2019est dans ce cadre, que nous nous permettons de vous solliciter.<\/p>\n<p dir=\"ltr\">Vous connaissez notre Lyc\u00e9e Professionnel Denis Diderot ainsi que nos formations dans les Services Administratifs, Commerce, Industrie et M\u00e9tiers d\u2019Art (Brevet des m\u00e9tiers d\u2019Art option Eb\u00e9nisterie, CAP Ferronnier d\u2019Art). Depuis la rentr\u00e9e de septembre 2020, nous proposons une nouvelle formation : Bac Professionnel des M\u00e9tiers de la S\u00e9curit\u00e9.<\/p>\n<p dir=\"ltr\">Vous pouvez consulter notre site\u00a0: <a href=\"https:\/\/lpdiderot10.fr\">https:\/\/lpdiderot10.fr<\/a> afin de d\u00e9couvrir l\u2019actualit\u00e9 du lyc\u00e9e et nos formations qui vont du CAP au BAC PRO (6 Bac Professionnels, 5 CAP).<\/p>\n<p>Les budgets de la r\u00e9gion \u00e9tant en baisse depuis plusieurs ann\u00e9es, la taxe d\u2019apprentissage est notre principale ressource pour fonctionner. Ces versements permettent \u00e0 notre \u00e9tablissement de pouvoir acqu\u00e9rir de nouveaux \u00e9quipements techniques, informatiques et de la mati\u00e8re d\u2019\u0153uvre afin que chaque \u00e9l\u00e8ve puisse r\u00e9ussir dans sa voie professionnelle.<\/p>\n<p>Votre entreprise devra prochainement d\u00e9cider de l\u2019affectation de sa taxe d\u2019apprentissage. C\u2019est pourquoi nous vous informons de l\u2019importance de cette taxe pour la r\u00e9ussite de nos \u00e9l\u00e8ves. Si vous souhaitez en faire b\u00e9n\u00e9ficier le Lyc\u00e9e Professionnel Denis Diderot nous joignons \u00e0 ce courrier le formulaire d\u2019engagement de versement.<\/p>\n<p>Nous sollicitons le soutien de tous nos partenaires pour assurer l\u2019avenir de nos \u00e9l\u00e8ves.<\/p>\n<p>Je vous prie d\u2019agr\u00e9er Madame, Monsieur, mes respectueuses salutations.<\/p>\n<p style=\"text-align: right;\">M. KREIN Didier<\/p>\n<p style=\"text-align: right;\">Directeur D\u00e9l\u00e9gu\u00e9 aux Formations Professionnelles et Technologiques.<\/p>\n<\/td>\n<\/tr>\n<\/tbody>\n<\/table>\n<p style=\"text-align: center;\">\n<p style=\"text-align: center;\">\n<p>Merci de votre soutien,<\/p>\n","protected":false},"excerpt":{"rendered":"<p>Le DDFPT Le Directeur D\u00e9l\u00e9gu\u00e9 aux Formations Professionnelles et Technologiques Affaire suivie par le DDFPT Didier KREIN T\u00e9l\u00e9phone:\u00a003.25.21.95.81 Mel :\u00a0didier.krein@ac-reims.fr 102, avenue Jean Jaur\u00e8s 10100 Romilly-sur-Seine \u00a0 Madame, Monsieur, Votre entreprise devra prochainement proc\u00e9der au versement de sa taxe d\u2019apprentissage. C\u2019est dans ce cadre, que nous nous permettons de vous solliciter. Vous connaissez notre Lyc\u00e9e [&hellip;]<\/p>\n","protected":false},"author":10,"featured_media":0,"parent":0,"menu_order":0,"comment_status":"closed","ping_status":"closed","template":"","meta":[],"_links":{"self":[{"href":"https:\/\/lpdiderot10.fr\/index.php\/wp-json\/wp\/v2\/pages\/2050"}],"collection":[{"href":"https:\/\/lpdiderot10.fr\/index.php\/wp-json\/wp\/v2\/pages"}],"about":[{"href":"https:\/\/lpdiderot10.fr\/index.php\/wp-json\/wp\/v2\/types\/page"}],"author":[{"embeddable":true,"href":"https:\/\/lpdiderot10.fr\/index.php\/wp-json\/wp\/v2\/users\/10"}],"replies":[{"embeddable":true,"href":"https:\/\/lpdiderot10.fr\/index.php\/wp-json\/wp\/v2\/comments?post=2050"}],"version-history":[{"count":11,"href":"https:\/\/lpdiderot10.fr\/index.php\/wp-json\/wp\/v2\/pages\/2050\/revisions"}],"predecessor-version":[{"id":3707,"href":"https:\/\/lpdiderot10.fr\/index.php\/wp-json\/wp\/v2\/pages\/2050\/revisions\/3707"}],"wp:attachment":[{"href":"https:\/\/lpdiderot10.fr\/index.php\/wp-json\/wp\/v2\/media?parent=2050"}],"curies":[{"name":"wp","href":"https:\/\/api.w.org\/{rel}","templated":true}]}}