{"id":2256,"date":"2021-06-09T09:57:02","date_gmt":"2021-06-09T07:57:02","guid":{"rendered":"http:\/\/lpdiderot10.fr\/?page_id=2256"},"modified":"2024-09-03T17:23:07","modified_gmt":"2024-09-03T15:23:07","slug":"vie-de-linternat","status":"publish","type":"page","link":"https:\/\/lpdiderot10.fr\/index.php\/vie-de-linternat\/","title":{"rendered":"Vie de l&#8217;internat"},"content":{"rendered":"<p style=\"text-align: center;\"><em>LA VIE A L\u2019INTERNAT<\/em><\/p>\n<p><img loading=\"lazy\" width=\"634\" height=\"476\" class=\"wp-image-2183 aligncenter\" src=\"https:\/\/lpdiderot10.fr\/wp-content\/uploads\/2021\/04\/word-image.jpeg\" srcset=\"https:\/\/lpdiderot10.fr\/wp-content\/uploads\/2021\/04\/word-image.jpeg 634w, https:\/\/lpdiderot10.fr\/wp-content\/uploads\/2021\/04\/word-image-300x225.jpeg 300w\" sizes=\"(max-width: 634px) 100vw, 634px\" \/><\/p>\n<p><strong>1. L&#8217;internat\u00a0: un lieu de vie structur\u00e9 par des r\u00e8gles<\/strong><\/p>\n<p><strong><u>Un service rendu aux familles<\/u><\/strong><\/p>\n<p>L&#8217;internat est un service rendu aux familles et aux \u00e9l\u00e8ves pour accompagner la r\u00e9ussite scolaire et l&#8217;\u00e9panouissement des jeunes. Il n&#8217;est pas de droit, et r\u00e9sulte de l&#8217;accord du chef d&#8217;\u00e9tablissement. Par cons\u00e9quent, il s&#8217;agit d&#8217;un contrat entre l&#8217;\u00e9cole, la famille et l&#8217;\u00e9l\u00e8ve, et en ce sens, l&#8217;internat ne se substitue pas \u00e0 la responsabilit\u00e9 des familles.<\/p>\n<p><strong><u>L&#8217;arriv\u00e9e au sein de l\u2019internat<\/u><\/strong><\/p>\n<p><strong>\u00a0<\/strong>La r\u00e9partition dans les chambres (3 \u00e0 4 \u00e9l\u00e8ves par chambre) sera effectu\u00e9e en amont de la rentr\u00e9e par les Conseillers Principaux d&#8217;Education du lyc\u00e9e. Toute demande de changement de chambre devra \u00eatre \u00e9crite aux CPE, et ne sera effective qu&#8217;en cas d&#8217;accord de ces derniers. Un \u00e9tat des lieux sera r\u00e9alis\u00e9 \u00e0 l&#8217;entr\u00e9e de chaque \u00e9l\u00e8ve. Il est possible de d\u00e9corer les chambres dans le respect du vivre-ensemble et en utilisant de la p\u00e2te adh\u00e9sive.<\/p>\n<table style=\"border-collapse: collapse; width: 94.7619%; height: 319px;\">\n<tbody>\n<tr style=\"height: 319px;\">\n<td style=\"width: 31.0719%; height: 319px;\"><img loading=\"lazy\" class=\"wp-image-2189\" src=\"https:\/\/lpdiderot10.fr\/wp-content\/uploads\/2021\/04\/une-image-contenant-interieur-mur-piece-lit-de.jpeg\" alt=\"Une image contenant int\u00e9rieur, mur, pi\u00e8ce, lit\n\nDescription g\u00e9n\u00e9r\u00e9e automatiquement\" width=\"865\" height=\"648\" srcset=\"https:\/\/lpdiderot10.fr\/wp-content\/uploads\/2021\/04\/une-image-contenant-interieur-mur-piece-lit-de.jpeg 794w, https:\/\/lpdiderot10.fr\/wp-content\/uploads\/2021\/04\/une-image-contenant-interieur-mur-piece-lit-de-300x225.jpeg 300w, https:\/\/lpdiderot10.fr\/wp-content\/uploads\/2021\/04\/une-image-contenant-interieur-mur-piece-lit-de-768x576.jpeg 768w\" sizes=\"(max-width: 865px) 100vw, 865px\" \/><\/td>\n<td style=\"width: 30.3566%; height: 319px;\"><img loading=\"lazy\" class=\"wp-image-2187\" src=\"https:\/\/lpdiderot10.fr\/wp-content\/uploads\/2021\/04\/une-image-contenant-interieur-salle-de-bain-mur.jpeg\" alt=\"Une image contenant int\u00e9rieur, salle de bain, mur, plancher\n\nDescription g\u00e9n\u00e9r\u00e9e automatiquement\" width=\"584\" height=\"437\" srcset=\"https:\/\/lpdiderot10.fr\/wp-content\/uploads\/2021\/04\/une-image-contenant-interieur-salle-de-bain-mur.jpeg 837w, https:\/\/lpdiderot10.fr\/wp-content\/uploads\/2021\/04\/une-image-contenant-interieur-salle-de-bain-mur-300x225.jpeg 300w, https:\/\/lpdiderot10.fr\/wp-content\/uploads\/2021\/04\/une-image-contenant-interieur-salle-de-bain-mur-768x575.jpeg 768w, https:\/\/lpdiderot10.fr\/wp-content\/uploads\/2021\/04\/une-image-contenant-interieur-salle-de-bain-mur-820x614.jpeg 820w\" sizes=\"(max-width: 584px) 100vw, 584px\" \/><\/td>\n<\/tr>\n<\/tbody>\n<\/table>\n<p><strong><u>Le mat\u00e9riel n\u00e9cessaire<\/u><\/strong><\/p>\n<p><u>Concernant la literie, les \u00e9l\u00e8ves doivent se doter de\u00a0:<\/u><\/p>\n<p>\u25aa une couette \u00a0\u00a0\u00a0\u00a0\u00a0\u00a0\u00a0\u00a0\u00a0\u00a0\u00a0\u00a0\u00a0\u00a0\u00a0\u00a0\u00a0\u00a0\u00a0\u00a0\u00a0\u00a0\u00a0\u00a0\u00a0\u00a0\u00a0\u00a0\u00a0\u00a0\u00a0\u00a0 \u00a0\u00a0\u00a0\u25aa un oreiller\u00a0\u00a0\u00a0\u00a0\u00a0\u00a0\u00a0\u00a0\u00a0\u00a0\u00a0\u00a0\u00a0\u00a0\u00a0\u00a0\u00a0\u00a0\u00a0\u00a0\u00a0\u00a0 \u00a0\u00a0\u00a0\u00a0\u00a0\u00a0\u00a0\u00a0\u00a0\u00a0\u00a0\u00a0\u00a0\u00a0 \u25aa un drap housse *<\/p>\n<p>\u25aa une taie d&#8217;oreiller *\u00a0\u00a0\u00a0\u00a0\u00a0\u00a0\u00a0\u00a0\u00a0\u00a0\u00a0\u00a0\u00a0\u00a0\u00a0\u00a0 \u25aa une housse de couette *<\/p>\n<p><em>(*\u00e0 rapporter au domicile tous les 15 jours minimum et avant chaque d\u00e9part en stage et avant chaque vacances scolaires pour lavage)<\/em><\/p>\n<p><em>\u00a0<\/em><u>Dans un souci d&#8217;hygi\u00e8ne, les \u00e9l\u00e8ves doivent se munir de\u00a0:<\/u><\/p>\n<p>\u25aa une serviette\u00a0\u00a0\u00a0 \u00a0\u00a0\u00a0\u00a0\u00a0\u00a0\u00a0\u00a0\u00a0\u00a0\u00a0\u00a0 \u00a0\u00a0\u00a0\u00a0\u00a0\u00a0\u00a0\u00a0\u00a0\u00a0\u00a0\u00a0\u00a0\u00a0\u00a0\u25aa des produits d&#8217;hygi\u00e8ne\u00a0\u00a0\u00a0\u00a0\u00a0\u00a0\u00a0\u00a0 \u25aa le n\u00e9cessaire de toilette<\/p>\n<p>\u25aa des v\u00eatements et sous-v\u00eatements en nombre suffisant pour la semaine <em>(dans un souci de tenue adapt\u00e9e, sans oublier les affaires n\u00e9cessaires pour les activit\u00e9s pr\u00e9vues au cours d&#8217;EPS)<\/em><\/p>\n<p><strong>Les effets personnels<\/strong><\/p>\n<p>Chaque \u00e9l\u00e8ve doit \u00e9galement se munir d&#8217;un cadenas afin de pouvoir mettre sous clef ses effets personnels dans un placard individuel. Les objets de valeur sont \u00e0 \u00e9viter au sein du dortoir, y compris les ordinateurs (le CDI en \u00e9tant \u00e9quip\u00e9). L&#8217;\u00e9tablissement d\u00e9cline toute responsabilit\u00e9 en cas de perte, de vol ou de d\u00e9gradation des effets personnels.<\/p>\n<p><strong>Sorties et \u00e9v\u00e9nements culturels<\/strong><\/p>\n<p>Les sorties ponctuelles (cin\u00e9ma, spectacle, loisirs&#8230;) sont encadr\u00e9es par des adultes du lyc\u00e9e, et les r\u00e8gles de vie inh\u00e9rentes \u00e0 l&#8217;internat restent les m\u00eames en dehors de l&#8217;\u00e9tablissement. Les activit\u00e9s seront propos\u00e9es en fonction des envies des \u00e9l\u00e8ves et des possibilit\u00e9s techniques.<\/p>\n<p><strong>P\u00f4le m\u00e9dical<\/strong><\/p>\n<p><strong>\u00a0<\/strong>Aucun interne ne peut garder \u00e0 ses c\u00f4t\u00e9s des m\u00e9dicaments. L&#8217;\u00e9l\u00e8ve interne qui a besoin de m\u00e9dicaments doit les remettre \u00e0 l&#8217;infirmi\u00e8re avec l&#8217;ordonnance m\u00e9dicale afin que soient organis\u00e9s les passages en infirmerie pour leur administration. Si un \u00e9l\u00e8ve est accompagn\u00e9 aux urgences, la famille sera avertie, et devra venir r\u00e9cup\u00e9rer le jeune \u00e0 l&#8217;issue de son passage aux services hospitaliers si l\u2019\u00e9l\u00e8ve est mineur.<\/p>\n<p><strong>Absences ponctuelles<\/strong><\/p>\n<p>Il convient de pr\u00e9venir au plus vite par t\u00e9l\u00e9phone toute absence ponctuelle de l&#8217;internat, absence qui sera ensuite confirm\u00e9e par un \u00e9crit sign\u00e9 des responsables l\u00e9gaux de l&#8217;\u00e9l\u00e8ve.<\/p>\n<ol start=\"2\">\n<li><strong> <u>L&#8217;internat au quotidien<\/u><\/strong><\/li>\n<\/ol>\n<p>(\u2192organisation actuelle qui peut \u00eatre soumise \u00e0 des changements si n\u00e9cessaire)<\/p>\n<table width=\"643\">\n<tbody>\n<tr>\n<td width=\"107\"><strong>\u00a0\u00a0\u00a0\u00a0\u00a0\u00a0 Avant 18h00<\/strong><\/td>\n<td width=\"535\">\u25cf possibilit\u00e9 pour les internes de r\u00e9cup\u00e9rer un go\u00fbter en vie scolaire<\/td>\n<\/tr>\n<tr>\n<td width=\"107\"><strong>18h00<\/strong><\/td>\n<td width=\"535\">\u25cf Appel \u00e0 l\u2019internat<\/td>\n<\/tr>\n<tr>\n<td width=\"107\"><strong>18h15<\/strong><\/td>\n<td width=\"535\">\u25cf Rassemblement pour le d\u00e9part vers le lyc\u00e9e Joliot-Curie, o\u00f9 les \u00e9l\u00e8ves d\u00eenent<\/td>\n<\/tr>\n<tr>\n<td width=\"107\"><strong>18h45<\/strong><\/td>\n<td width=\"535\">\u25cf Repas du soir au self<\/td>\n<\/tr>\n<tr>\n<td width=\"107\"><strong>Au retour<\/strong><\/td>\n<td width=\"535\">\u25cf Possibilit\u00e9 pour les \u00e9l\u00e8ves d\u2019aller au foyer des \u00e9l\u00e8ves pour se d\u00e9tendre\u00a0:<em> jeux de soci\u00e9t\u00e9, baby-foot, ping-pong, jeux de cartes&#8230;<\/em><\/td>\n<\/tr>\n<tr>\n<td width=\"107\"><strong>20h00<\/strong><\/td>\n<td width=\"535\">\u25cf <strong>Appel \u00e0 l\u2019internat,<\/strong> les \u00e9l\u00e8ves restent \u00e0 leur \u00e9tage ou peuvent aller au foyer des \u00e9l\u00e8ves sous surveillance jusqu\u2019\u00e0 21h00 apr\u00e8s inscription aupr\u00e8s des assistants d\u2019\u00e9ducation<\/td>\n<\/tr>\n<tr>\n<td width=\"107\"><strong>22h30<\/strong><\/td>\n<td width=\"535\">\u25cf <strong>Appel en chambre<\/strong> et extinction des feux<\/td>\n<\/tr>\n<tr>\n<td width=\"107\"><strong>06h30<\/strong><\/td>\n<td width=\"535\">\u25cf R\u00e9veil des internes<\/td>\n<\/tr>\n<tr>\n<td width=\"107\"><strong>07h00<\/strong><\/td>\n<td width=\"535\">\u25cf D\u00e9part collectif vers le self pour le petit-d\u00e9jeuner et participation au rangement des couverts <em>(+bagages descendus dans une salle le vendredi matin, pour \u00eatre r\u00e9cup\u00e9r\u00e9s en fin de journ\u00e9e\u00a0; cette salle est \u00e9galement ouverte le lundi matin)<\/em><\/td>\n<\/tr>\n<tr>\n<td width=\"107\"><strong>07h30<\/strong><\/td>\n<td width=\"535\">\u25cf D\u00e9part du self pour commencer la journ\u00e9e au sein du Lyc\u00e9e Professionnel<\/td>\n<\/tr>\n<\/tbody>\n<\/table>\n<p><strong>&#8211; &#8211; &#8211; &#8211; &#8211; &#8211; &#8211; &#8211; &#8211; &#8211; &#8211; &#8211; &#8211; &#8211; &#8211; &#8211; &#8211; &#8211; &#8211; &#8211; &#8211; &#8211; &#8211; &#8211; &#8211; &#8211; &#8211; &#8211; &#8211; &#8211; &#8211; &#8211;<\/strong><\/p>\n<p><strong>Et le mercredi apr\u00e8s-midi\u00a0?<\/strong><\/p>\n<p>\u25a1 Le mercredi apr\u00e8s-midi, les \u00e9l\u00e8ves peuvent regagner leurs chambres \u00e0 partir de 14h00. Ensuite, le foyer des \u00e9l\u00e8ves est ouvert sur un cr\u00e9neau d\u00e9fini en d\u00e9but d&#8217;ann\u00e9e afin de permettre aux \u00e9l\u00e8ves de profiter des jeux et espaces leur \u00e9tant r\u00e9serv\u00e9s.<\/p>\n<p>\u25a1 Toutes les heures, la grille de l&#8217;\u00e9tablissement est ouverte pour permettre aux \u00e9l\u00e8ves qui le souhaitent de sortir du lyc\u00e9e (sauf avis contraire des responsables, adress\u00e9 par courrier avec la demande d&#8217;inscription \u00e0 l&#8217;internat).<\/p>\n<p>\u25a1 Il conviendra d&#8217;adopter une ponctualit\u00e9 rigoureuse concernant le retour\u00a0: \u00e0 18h00 l&#8217;ensemble des \u00e9l\u00e8ves doivent \u00eatre pr\u00e9sents \u00e0 leur dortoir.<\/p>\n<p><strong><u>Des id\u00e9es de sorties pour les jeunes \u00e0 Romilly-sur-Seine\u00a0:<\/u><\/strong><\/p>\n<p><em>Le Cin\u00e9ma L&#8217;Eden\u00a0\u00a0\u00a0\u00a0\u00a0\u00a0\u00a0\u00a0\u00a0\u00a0\u00a0\u00a0 La piscine Les 3 Vagues\u00a0\u00a0\u00a0\u00a0\u00a0\u00a0\u00a0\u00a0 La Maison des Jeunes et de la Culture<\/em><\/p>\n<p><em>L&#8217;Espace Animation Jeunesse\u00a0\u00a0\u00a0\u00a0\u00a0\u00a0\u00a0\u00a0 Le Parc de la B\u00e9ch\u00e8re\u00a0\u00a0\u00a0\u00a0\u00a0\u00a0\u00a0\u00a0\u00a0 La m\u00e9diath\u00e8que Fran\u00e7ois Mitterand<\/em><\/p>\n<p><em>Le Parc du Marais (Complexe Bowling)\u00a0\u00a0\u00a0\u00a0\u00a0\u00a0\u00a0\u00a0\u00a0\u00a0\u00a0\u00a0\u00a0\u00a0\u00a0\u00a0\u00a0\u00a0\u00a0\u00a0\u00a0\u00a0\u00a0\u00a0\u00a0\u00a0\u00a0\u00a0\u00a0\u00a0\u00a0\u00a0\u00a0\u00a0\u00a0\u00a0 Le Laser Game<\/em><\/p>\n<p><strong>\u00a0<\/strong><\/p>\n<ol start=\"3\">\n<li><strong><u>Labellisation Internat d\u2019Excellence, Internat du Pro<\/u><\/strong><\/li>\n<\/ol>\n<p>L\u2019Internat du LP Denis Diderot a re\u00e7u pour en 2021-2022 le Label \u00ab\u00a0Internat d\u2019Excellence, Internat du Pro\u00a0\u00bb. Ce label vise, entre autres objectifs, \u00e0 responsabiliser les \u00e9l\u00e8ves, les rendre plus autonomes ainsi qu\u2019\u00e0 d\u00e9velopper leur sens de l\u2019engagement dans la vie du lyc\u00e9e, dans des activit\u00e9s sportives et\/ou associatives.<\/p>\n<p>Ainsi, il sera demand\u00e9 \u00e0 chaque \u00e9l\u00e8ve interne de r\u00e9aliser au cours de l\u2019ann\u00e9e scolaire au moins trois engagements parmi lesquels\u00a0:<\/p>\n<ul>\n<li>Engagement associatif\u00a0: Croix Rouge, Restos du C\u0153ur, autres associations etc.<\/li>\n<li>Engagement sportif\u00a0: musculation, catch, plong\u00e9e, boxe, escalade, etc.<\/li>\n<li>Engagement dans la vie du lyc\u00e9e\u00a0: d\u00e9l\u00e9gu\u00e9 d\u2019internat, membre de la Maison des Lyc\u00e9ens, membre du Conseil pour la Vie Lyc\u00e9enne.<\/li>\n<\/ul>\n<p>L&#8217;association la MDL (Maison Des Lyc\u00e9ens) permet aux \u00e9l\u00e8ves de proposer des activit\u00e9s aux \u00e9l\u00e8ves et de les financer. Elle est g\u00e9r\u00e9e par un bureau compos\u00e9 d&#8217;\u00e9l\u00e8ves, qui sont accompagn\u00e9s par des adultes de l&#8217;\u00e9tablissement. L&#8217;int\u00e9r\u00eat est d&#8217;autant plus pr\u00e9sent pour les \u00e9l\u00e8ves internes qui peuvent se saisir de cette association afin d&#8217;organiser des \u00e9v\u00e9nements ou des sorties ponctuelles, ou d&#8217;acheter du mat\u00e9riel pour le foyer des \u00e9l\u00e8ves (jeux de soci\u00e9t\u00e9, mat\u00e9riel d&#8217;activit\u00e9s&#8230;)<\/p>\n<p>Les diff\u00e9rentes instances au sein desquelles les \u00e9l\u00e8ves peuvent si\u00e9ger tendent \u00e0 am\u00e9liorer le quotidien au sein de l&#8217;\u00e9tablissement\u00a0: la restauration, l&#8217;organisation du temps libre ou des espaces de travail sont autant de sujets qui touchent directement la vie de nos \u00e9l\u00e8ves, et sur lesquels leur avis peut contribuer \u00e0 tendre vers un climat scolaire de qualit\u00e9.<\/p>\n<p><strong>\u00a0<\/strong><\/p>\n<p>Ces engagements seront par la suite notifi\u00e9s dans les bulletins scolaires et dans les parcours \u00e9ducatifs des \u00e9l\u00e8ves et pourront valoriser un Curriculum Vitae, la proc\u00e9dure Parcoursup notamment.<\/p>\n<ol start=\"4\">\n<li><strong> <u>Le paiement du service internat<\/u><\/strong><\/li>\n<\/ol>\n<p>Les factures d\u2019internat comprennent l\u2019int\u00e9gralit\u00e9 des frais de pension (les trois repas par jour et l\u2019h\u00e9bergement). Elles sont adress\u00e9es aux familles \u00e0 chaque fin de trimestre. Elles peuvent \u00eatre r\u00e9gl\u00e9es soit\u00a0:<\/p>\n<ul>\n<li>En int\u00e9gralit\u00e9 \u00e0 r\u00e9ception de la facture<\/li>\n<li>En paiement en 2 \u00e0 3 fois \u00e0 r\u00e9ception de la facture (sur demande \u00e9crite au service d\u2019intendance du lyc\u00e9e)<\/li>\n<li>En \u00e9ch\u00e9ancier \u00e0 l\u2019ann\u00e9e (de septembre \u00e0 juin) avec paiement mensuel (sur demande \u00e9crite au service d\u2019intendance du lyc\u00e9e)<\/li>\n<\/ul>\n<p>Si votre enfant b\u00e9n\u00e9ficie de la bourse des lyc\u00e9es, une prime \u00e0 l\u2019internat s\u2019ajoute \u00e0 la bourse initiale. La bourse et la prime sont d\u00e9duites de la facture d\u2019internat, ainsi vous ne devez payer que le r\u00e9siduel.<\/p>\n<p>Si vous rencontrez des difficult\u00e9s pour r\u00e9gler la facture d\u2019internat, vous pouvez solliciter une aide exceptionnelle aupr\u00e8s du fonds social lyc\u00e9en. Le dossier d\u2019aide est \u00e0 constituer aupr\u00e8s de l\u2019assistante sociale du lyc\u00e9e.<\/p>\n<p>Plus d\u2019informations sur notre vid\u00e9o FAQ disponible \u00e0 l\u2019adresse suivante\u00a0: <a href=\"https:\/\/tube-reims.beta.education.fr\/videos\/watch\/8df21cdb-46cc-4541-b272-5657ea6d2dc0\">https:\/\/tube-reims.beta.education.fr\/videos\/watch\/8df21cdb-46cc-4541-b272-5657ea6d2dc0<\/a><\/p>\n<p>Si des questions subsistent encore, n\u2019h\u00e9sitez pas \u00e0 nous contacter sur notre adresse mail <a href=\"mailto:ce.0100016n@ac-reims.fr\">ce.0100016n@ac-reims.fr<\/a><\/p>\n<p><img loading=\"lazy\" width=\"666\" height=\"888\" class=\"wp-image-2184\" src=\"https:\/\/lpdiderot10.fr\/wp-content\/uploads\/2021\/04\/une-image-contenant-mur-interieur-plafond-planc.jpeg\" alt=\"Une image contenant mur, int\u00e9rieur, plafond, plancher\n\nDescription g\u00e9n\u00e9r\u00e9e automatiquement\" srcset=\"https:\/\/lpdiderot10.fr\/wp-content\/uploads\/2021\/04\/une-image-contenant-mur-interieur-plafond-planc.jpeg 666w, https:\/\/lpdiderot10.fr\/wp-content\/uploads\/2021\/04\/une-image-contenant-mur-interieur-plafond-planc-225x300.jpeg 225w\" sizes=\"(max-width: 666px) 100vw, 666px\" \/><\/p>\n<p><img loading=\"lazy\" width=\"898\" height=\"673\" class=\"wp-image-2186\" src=\"https:\/\/lpdiderot10.fr\/wp-content\/uploads\/2021\/04\/une-image-contenant-interieur-mur-piece-chambre.jpeg\" alt=\"Une image contenant int\u00e9rieur, mur, pi\u00e8ce, chambre \u00e0 coucher\n\nDescription g\u00e9n\u00e9r\u00e9e automatiquement\" srcset=\"https:\/\/lpdiderot10.fr\/wp-content\/uploads\/2021\/04\/une-image-contenant-interieur-mur-piece-chambre.jpeg 898w, https:\/\/lpdiderot10.fr\/wp-content\/uploads\/2021\/04\/une-image-contenant-interieur-mur-piece-chambre-300x225.jpeg 300w, https:\/\/lpdiderot10.fr\/wp-content\/uploads\/2021\/04\/une-image-contenant-interieur-mur-piece-chambre-768x576.jpeg 768w, https:\/\/lpdiderot10.fr\/wp-content\/uploads\/2021\/04\/une-image-contenant-interieur-mur-piece-chambre-820x615.jpeg 820w\" sizes=\"(max-width: 898px) 100vw, 898px\" \/><\/p>\n<p><img loading=\"lazy\" width=\"594\" height=\"792\" class=\"wp-image-2188\" src=\"https:\/\/lpdiderot10.fr\/wp-content\/uploads\/2021\/04\/une-image-contenant-interieur-mur-plancher-plaf.jpeg\" alt=\"Une image contenant int\u00e9rieur, mur, plancher, plafond\n\nDescription g\u00e9n\u00e9r\u00e9e automatiquement\" srcset=\"https:\/\/lpdiderot10.fr\/wp-content\/uploads\/2021\/04\/une-image-contenant-interieur-mur-plancher-plaf.jpeg 594w, https:\/\/lpdiderot10.fr\/wp-content\/uploads\/2021\/04\/une-image-contenant-interieur-mur-plancher-plaf-225x300.jpeg 225w\" sizes=\"(max-width: 594px) 100vw, 594px\" \/><\/p>\n<p><img loading=\"lazy\" width=\"894\" height=\"671\" class=\"wp-image-2190\" src=\"https:\/\/lpdiderot10.fr\/wp-content\/uploads\/2021\/04\/une-image-contenant-interieur-plafond-mur-planc.jpeg\" alt=\"Une image contenant int\u00e9rieur, plafond, mur, plancher\n\nDescription g\u00e9n\u00e9r\u00e9e automatiquement\" srcset=\"https:\/\/lpdiderot10.fr\/wp-content\/uploads\/2021\/04\/une-image-contenant-interieur-plafond-mur-planc.jpeg 894w, https:\/\/lpdiderot10.fr\/wp-content\/uploads\/2021\/04\/une-image-contenant-interieur-plafond-mur-planc-300x225.jpeg 300w, https:\/\/lpdiderot10.fr\/wp-content\/uploads\/2021\/04\/une-image-contenant-interieur-plafond-mur-planc-768x576.jpeg 768w, https:\/\/lpdiderot10.fr\/wp-content\/uploads\/2021\/04\/une-image-contenant-interieur-plafond-mur-planc-820x615.jpeg 820w\" sizes=\"(max-width: 894px) 100vw, 894px\" \/> <img loading=\"lazy\" width=\"780\" height=\"585\" class=\"wp-image-2191\" src=\"https:\/\/lpdiderot10.fr\/wp-content\/uploads\/2021\/04\/une-image-contenant-mur-interieur-description-ge.jpeg\" alt=\"Une image contenant mur, int\u00e9rieur\n\nDescription g\u00e9n\u00e9r\u00e9e automatiquement\" srcset=\"https:\/\/lpdiderot10.fr\/wp-content\/uploads\/2021\/04\/une-image-contenant-mur-interieur-description-ge.jpeg 780w, https:\/\/lpdiderot10.fr\/wp-content\/uploads\/2021\/04\/une-image-contenant-mur-interieur-description-ge-300x225.jpeg 300w, https:\/\/lpdiderot10.fr\/wp-content\/uploads\/2021\/04\/une-image-contenant-mur-interieur-description-ge-768x576.jpeg 768w\" sizes=\"(max-width: 780px) 100vw, 780px\" \/><\/p>\n","protected":false},"excerpt":{"rendered":"<p>LA VIE A L\u2019INTERNAT 1. L&#8217;internat\u00a0: un lieu de vie structur\u00e9 par des r\u00e8gles Un service rendu aux familles L&#8217;internat est un service rendu aux familles et aux \u00e9l\u00e8ves pour accompagner la r\u00e9ussite scolaire et l&#8217;\u00e9panouissement des jeunes. Il n&#8217;est pas de droit, et r\u00e9sulte de l&#8217;accord du chef d&#8217;\u00e9tablissement. Par cons\u00e9quent, il s&#8217;agit d&#8217;un [&hellip;]<\/p>\n","protected":false},"author":10,"featured_media":0,"parent":0,"menu_order":0,"comment_status":"closed","ping_status":"closed","template":"","meta":[],"_links":{"self":[{"href":"https:\/\/lpdiderot10.fr\/index.php\/wp-json\/wp\/v2\/pages\/2256"}],"collection":[{"href":"https:\/\/lpdiderot10.fr\/index.php\/wp-json\/wp\/v2\/pages"}],"about":[{"href":"https:\/\/lpdiderot10.fr\/index.php\/wp-json\/wp\/v2\/types\/page"}],"author":[{"embeddable":true,"href":"https:\/\/lpdiderot10.fr\/index.php\/wp-json\/wp\/v2\/users\/10"}],"replies":[{"embeddable":true,"href":"https:\/\/lpdiderot10.fr\/index.php\/wp-json\/wp\/v2\/comments?post=2256"}],"version-history":[{"count":4,"href":"https:\/\/lpdiderot10.fr\/index.php\/wp-json\/wp\/v2\/pages\/2256\/revisions"}],"predecessor-version":[{"id":3705,"href":"https:\/\/lpdiderot10.fr\/index.php\/wp-json\/wp\/v2\/pages\/2256\/revisions\/3705"}],"wp:attachment":[{"href":"https:\/\/lpdiderot10.fr\/index.php\/wp-json\/wp\/v2\/media?parent=2256"}],"curies":[{"name":"wp","href":"https:\/\/api.w.org\/{rel}","templated":true}]}}