{"id":3787,"date":"2025-01-27T22:02:49","date_gmt":"2025-01-27T21:02:49","guid":{"rendered":"https:\/\/lpdiderot10.fr\/?page_id=3787"},"modified":"2025-11-15T23:40:17","modified_gmt":"2025-11-15T22:40:17","slug":"vitrailliste-cap","status":"publish","type":"page","link":"https:\/\/lpdiderot10.fr\/index.php\/formations\/vitrailliste-cap\/","title":{"rendered":"Vitrailliste | CAP"},"content":{"rendered":"\n\n<p style=\"text-align: center;\"><strong>CAP vitrail\u00a0: une nouvelle formation en 1 an in\u00e9dite dans l\u2019acad\u00e9mie<\/strong><\/p>\n<p><strong><img loading=\"lazy\" width=\"449\" height=\"641\" class=\"wp-image-3798 aligncenter\" src=\"https:\/\/lpdiderot10.fr\/wp-content\/uploads\/2025\/01\/word-image-3787-1.png\" srcset=\"https:\/\/lpdiderot10.fr\/wp-content\/uploads\/2025\/01\/word-image-3787-1.png 449w, https:\/\/lpdiderot10.fr\/wp-content\/uploads\/2025\/01\/word-image-3787-1-210x300.png 210w\" sizes=\"(max-width: 449px) 100vw, 449px\" \/><\/strong><\/p>\n<p><strong>Nouvelle formation aux m\u00e9tiers d\u2019art dans l\u2019Aube, avec l\u2019ambition de contribuer \u00e0 la sauvegarde et \u00e0 la transmission du m\u00e9tier de vitrailliste.<\/strong><\/p>\n<p>Situ\u00e9 au c\u0153ur d\u2019un riche patrimoine architectural et culturel, le lyc\u00e9e professionnel Denis Diderot de Romilly-sur-Seine (10) sera l\u2019\u00e9crin de cette nouvelle formation. Ici, les futurs vitraillistes seront accueillis par groupe de 12 dans des locaux adapt\u00e9s, \u00e9quip\u00e9s par des installations, des outils et des mat\u00e9riaux professionnels.<\/p>\n<p>D\u2019une dur\u00e9e d\u2019un an, ce CAP est destin\u00e9 aux \u00e9l\u00e8ves dipl\u00f4m\u00e9s d\u2019une autre formation m\u00e9tier d\u2019art qui souhaitent diversifier leurs comp\u00e9tences, mais aussi aux \u00e9l\u00e8ves de premi\u00e8re, terminale ou de formation sup\u00e9rieure souhaitant se r\u00e9orienter, ainsi qu\u2019\u00e0 toute personne en reconversion professionnelle.<\/p>\n<p>Sous statut scolaire ou en apprentissage, les apprenants acquerront des comp\u00e9tences techniques pr\u00e9cieuses, notamment en conception, d\u00e9coupe, assemblage et restauration de vitraux.<\/p>\n<p>Retrouvez toutes les informations sur le CAP 1 an \u00ab\u00a0Arts et techniques du verre option vitrailliste\u00a0\u00bb du lyc\u00e9e Denis Diderot de Romilly-sur-Seine en cliquant ici <a href=\"https:\/\/lpdiderot10.fr\/wp-content\/uploads\/2025\/01\/Brochure-CAP-Vitrail.pdf\">[lien vers la plaquette]<\/a>.<\/p>\n<p><strong>Vous souhaitez candidatez\u00a0?<\/strong><\/p>\n<p>Retrouvez les informations et t\u00e9l\u00e9chargez le <strong>Formulaire de demande de candidature:<\/strong> <a href=\"https:\/\/lpdiderot10.fr\/wp-content\/uploads\/2025\/05\/Demande-de-candidature.pdf\">Cliquez ICI<\/a><\/p>\n<p>\u00a0ou contactez l\u2019\u00e9tablissement par t\u00e9l\u00e9phone au\u00a003 25 21 95 81 ou par mail \u00e0 l\u2019adresse\u00a0: <a href=\"mailto:ce.0100016n@ac-reims.fr\">ce.0100016n@ac-reims.fr<\/a>.<\/p>","protected":false},"excerpt":{"rendered":"<p>CAP vitrail\u00a0: une nouvelle formation en 1 an in\u00e9dite dans l\u2019acad\u00e9mie Nouvelle formation aux m\u00e9tiers d\u2019art dans l\u2019Aube, avec l\u2019ambition de contribuer \u00e0 la sauvegarde et \u00e0 la transmission du m\u00e9tier de vitrailliste. Situ\u00e9 au c\u0153ur d\u2019un riche patrimoine architectural et culturel, le lyc\u00e9e professionnel Denis Diderot de Romilly-sur-Seine (10) sera l\u2019\u00e9crin de cette nouvelle [&hellip;]<\/p>\n","protected":false},"author":10,"featured_media":3798,"parent":41,"menu_order":8,"comment_status":"closed","ping_status":"closed","template":"","meta":[],"_links":{"self":[{"href":"https:\/\/lpdiderot10.fr\/index.php\/wp-json\/wp\/v2\/pages\/3787"}],"collection":[{"href":"https:\/\/lpdiderot10.fr\/index.php\/wp-json\/wp\/v2\/pages"}],"about":[{"href":"https:\/\/lpdiderot10.fr\/index.php\/wp-json\/wp\/v2\/types\/page"}],"author":[{"embeddable":true,"href":"https:\/\/lpdiderot10.fr\/index.php\/wp-json\/wp\/v2\/users\/10"}],"replies":[{"embeddable":true,"href":"https:\/\/lpdiderot10.fr\/index.php\/wp-json\/wp\/v2\/comments?post=3787"}],"version-history":[{"count":5,"href":"https:\/\/lpdiderot10.fr\/index.php\/wp-json\/wp\/v2\/pages\/3787\/revisions"}],"predecessor-version":[{"id":4022,"href":"https:\/\/lpdiderot10.fr\/index.php\/wp-json\/wp\/v2\/pages\/3787\/revisions\/4022"}],"up":[{"embeddable":true,"href":"https:\/\/lpdiderot10.fr\/index.php\/wp-json\/wp\/v2\/pages\/41"}],"wp:featuredmedia":[{"embeddable":true,"href":"https:\/\/lpdiderot10.fr\/index.php\/wp-json\/wp\/v2\/media\/3798"}],"wp:attachment":[{"href":"https:\/\/lpdiderot10.fr\/index.php\/wp-json\/wp\/v2\/media?parent=3787"}],"curies":[{"name":"wp","href":"https:\/\/api.w.org\/{rel}","templated":true}]}}