{"id":52,"date":"2018-02-26T15:20:11","date_gmt":"2018-02-26T14:20:11","guid":{"rendered":"http:\/\/localhost\/?page_id=52"},"modified":"2018-09-26T15:39:27","modified_gmt":"2018-09-26T13:39:27","slug":"restauration","status":"publish","type":"page","link":"https:\/\/lpdiderot10.fr\/index.php\/vie-au-lycee\/restauration\/","title":{"rendered":"Restauration"},"content":{"rendered":"<p>Les six cuisiniers du lyc\u00e9e confectionnent \u00e0 chaque service des repas complets tr\u00e8s vari\u00e9s et proposent un choix entre deux plats principaux.<\/p>\n<p>Dans un cadre agr\u00e9able, en mode self, sont servis environ 280 repas le midi et 70 le soir.<\/p>\n<p>&nbsp;<\/p>\n","protected":false},"excerpt":{"rendered":"<p>Les six cuisiniers du lyc\u00e9e confectionnent \u00e0 chaque service des repas complets tr\u00e8s vari\u00e9s et proposent un choix entre deux plats principaux. Dans un cadre agr\u00e9able, en mode self, sont servis environ 280 repas le midi et 70 le soir. &nbsp;<\/p>\n","protected":false},"author":2,"featured_media":0,"parent":47,"menu_order":0,"comment_status":"closed","ping_status":"closed","template":"page-templates\/page_fullwidth.php","meta":[],"_links":{"self":[{"href":"https:\/\/lpdiderot10.fr\/index.php\/wp-json\/wp\/v2\/pages\/52"}],"collection":[{"href":"https:\/\/lpdiderot10.fr\/index.php\/wp-json\/wp\/v2\/pages"}],"about":[{"href":"https:\/\/lpdiderot10.fr\/index.php\/wp-json\/wp\/v2\/types\/page"}],"author":[{"embeddable":true,"href":"https:\/\/lpdiderot10.fr\/index.php\/wp-json\/wp\/v2\/users\/2"}],"replies":[{"embeddable":true,"href":"https:\/\/lpdiderot10.fr\/index.php\/wp-json\/wp\/v2\/comments?post=52"}],"version-history":[{"count":3,"href":"https:\/\/lpdiderot10.fr\/index.php\/wp-json\/wp\/v2\/pages\/52\/revisions"}],"predecessor-version":[{"id":607,"href":"https:\/\/lpdiderot10.fr\/index.php\/wp-json\/wp\/v2\/pages\/52\/revisions\/607"}],"up":[{"embeddable":true,"href":"https:\/\/lpdiderot10.fr\/index.php\/wp-json\/wp\/v2\/pages\/47"}],"wp:attachment":[{"href":"https:\/\/lpdiderot10.fr\/index.php\/wp-json\/wp\/v2\/media?parent=52"}],"curies":[{"name":"wp","href":"https:\/\/api.w.org\/{rel}","templated":true}]}}