{"id":54,"date":"2018-02-26T15:21:19","date_gmt":"2018-02-26T14:21:19","guid":{"rendered":"http:\/\/localhost\/?page_id=54"},"modified":"2019-12-02T19:54:05","modified_gmt":"2019-12-02T18:54:05","slug":"cine-rencontre","status":"publish","type":"page","link":"https:\/\/lpdiderot10.fr\/index.php\/vie-au-lycee\/cdi\/cine-rencontre\/","title":{"rendered":"Cin\u00e9-Rencontre"},"content":{"rendered":"<p>Ces projections se d\u00e9rouleront suivant une programmation \u00e9labor\u00e9e en collaboration avec le cin\u00e9ma L\u2019Eden de Romilly sur Seine et M. Voulyz\u00e9 du TCB. Les \u00e9l\u00e8ves du lyc\u00e9e doivent s\u2019inscrire quelques jours avant la s\u00e9ance au CDI.<\/p>\n<table width=\"128%\">\n<tbody>\n<tr>\n<td width=\"10%\"><strong>Septembre<\/strong><strong><br \/>\n26\/09\/2019<\/strong><\/td>\n<td width=\"9%\"><strong>Octobre<\/strong><strong><br \/>\n17\/10\/2019<\/strong><\/td>\n<td width=\"13%\"><strong>Novembre<\/strong><strong><br \/>\n21\/11\/2019<\/strong><\/td>\n<td width=\"10%\"><strong>D\u00e9cembre<\/strong><strong><br \/>\n19\/12\/2019<\/strong><\/td>\n<td width=\"10%\"><strong>Janvier<\/strong><strong><br \/>\n23\/01\/2020<\/strong><\/td>\n<td width=\"9%\"><strong>F\u00e9vrier<\/strong><strong><br \/>\n28\/02\/2020<\/strong><\/td>\n<td width=\"9%\"><strong>Mars<\/strong><strong><br \/>\n19\/03\/2020<\/strong><\/td>\n<td width=\"9%\"><strong>Avril<\/strong><strong><br \/>\n30\/04\/2020<\/strong><\/td>\n<td width=\"9%\"><strong>Mai<\/strong><strong><br \/>\n28\/05\/2020<\/strong><\/td>\n<td width=\"9%\"><strong>Juin<\/strong><strong><br \/>\n11\/06\/2020<\/strong><\/td>\n<\/tr>\n<tr>\n<td width=\"10%\"><em><strong>Parasite<\/strong><\/em><\/p>\n<p><strong>De Bong JOON-HO<\/strong><\/td>\n<td width=\"9%\"><strong>\u00a0<\/strong><em><strong>La cit\u00e9 de la peur<\/strong><\/em><\/p>\n<p><strong>\u00a0De Alain BERBERIAN<\/strong><\/td>\n<td width=\"13%\"><strong>\u00a0<\/strong><em><strong>Jeune Berg\u00e8re<\/strong><\/em><\/p>\n<p><strong>\u00a0De St\u00e9phane MANCHEMATIN<\/strong><\/td>\n<td width=\"10%\"><strong>\u00a0<\/strong><em><strong>Mira\u00ef ma petite s\u0153ur<\/strong><\/em><\/p>\n<p><strong>\u00a0De Mamoru HOSODA<\/strong><\/td>\n<td width=\"10%\"><strong>\u00a0<\/strong><em><strong>Le salaire de la peur<\/strong><\/em><\/p>\n<p><strong>\u00a0De Henri Georges CLOUZOT<\/strong><\/td>\n<td width=\"9%\"><em><strong>\u00a0Le Brio<\/strong><\/em><\/p>\n<p><strong>De Yvan ATTAL<\/strong><\/td>\n<td width=\"9%\"><strong>\u00a0<\/strong><em><strong>Girl<\/strong><\/em><\/p>\n<p><strong>De Lukas DHONT<\/strong><\/td>\n<td width=\"9%\"><strong>\u00a0<\/strong><em><strong>Cherchez la femme<\/strong><\/em><strong>\u00a0<\/strong><\/p>\n<p><strong>De Sou ABADI<\/strong><\/td>\n<td width=\"9%\"><em><strong>Les fr\u00e8res Sisters<\/strong><\/em><\/p>\n<p><strong>De Jacques AUDIARD<\/strong><\/td>\n<td width=\"9%\"><strong>\u00a0<\/strong><em><strong>Le vent se l\u00e8ve<\/strong><\/em><strong>\u00a0<\/strong><\/p>\n<p><strong>De Hayao MIYAZAKI<\/strong><\/td>\n<\/tr>\n<\/tbody>\n<\/table>\n<p>&nbsp;<\/p>\n<p>Prochain film\u00a0: Jeune Berg\u00e8re -&gt; https:\/\/www.cinemaedenromilly.fr\/evenement\/1804837-cin-rencontre-jeune-berg-re<\/p>\n","protected":false},"excerpt":{"rendered":"<p>Ces projections se d\u00e9rouleront suivant une programmation \u00e9labor\u00e9e en collaboration avec le cin\u00e9ma L\u2019Eden de Romilly sur Seine et M. Voulyz\u00e9 du TCB. Les \u00e9l\u00e8ves du lyc\u00e9e doivent s\u2019inscrire quelques jours avant la s\u00e9ance au CDI. Septembre 26\/09\/2019 Octobre 17\/10\/2019 Novembre 21\/11\/2019 D\u00e9cembre 19\/12\/2019 Janvier 23\/01\/2020 F\u00e9vrier 28\/02\/2020 Mars 19\/03\/2020 Avril 30\/04\/2020 Mai 28\/05\/2020 Juin [&hellip;]<\/p>\n","protected":false},"author":2,"featured_media":0,"parent":60,"menu_order":0,"comment_status":"closed","ping_status":"closed","template":"page-templates\/page_fullwidth.php","meta":[],"_links":{"self":[{"href":"https:\/\/lpdiderot10.fr\/index.php\/wp-json\/wp\/v2\/pages\/54"}],"collection":[{"href":"https:\/\/lpdiderot10.fr\/index.php\/wp-json\/wp\/v2\/pages"}],"about":[{"href":"https:\/\/lpdiderot10.fr\/index.php\/wp-json\/wp\/v2\/types\/page"}],"author":[{"embeddable":true,"href":"https:\/\/lpdiderot10.fr\/index.php\/wp-json\/wp\/v2\/users\/2"}],"replies":[{"embeddable":true,"href":"https:\/\/lpdiderot10.fr\/index.php\/wp-json\/wp\/v2\/comments?post=54"}],"version-history":[{"count":20,"href":"https:\/\/lpdiderot10.fr\/index.php\/wp-json\/wp\/v2\/pages\/54\/revisions"}],"predecessor-version":[{"id":1202,"href":"https:\/\/lpdiderot10.fr\/index.php\/wp-json\/wp\/v2\/pages\/54\/revisions\/1202"}],"up":[{"embeddable":true,"href":"https:\/\/lpdiderot10.fr\/index.php\/wp-json\/wp\/v2\/pages\/60"}],"wp:attachment":[{"href":"https:\/\/lpdiderot10.fr\/index.php\/wp-json\/wp\/v2\/media?parent=54"}],"curies":[{"name":"wp","href":"https:\/\/api.w.org\/{rel}","templated":true}]}}