{"id":608,"date":"2018-09-26T15:41:40","date_gmt":"2018-09-26T13:41:40","guid":{"rendered":"http:\/\/lpdiderot10.fr\/?page_id=608"},"modified":"2018-09-26T15:44:35","modified_gmt":"2018-09-26T13:44:35","slug":"pole-medico-social","status":"publish","type":"page","link":"https:\/\/lpdiderot10.fr\/index.php\/vie-au-lycee\/pole-medico-social\/","title":{"rendered":"P\u00f4le M\u00e9dico-social"},"content":{"rendered":"<p><b>Service ouvert du lundi au vendredi de<\/b><b> 8h00 \u00e0 17h00<\/b><\/p>\n<p><b>Ecouter<\/b><\/p>\n<p>Rencontrer l\u2019\u00e9l\u00e8ve \u00e0 sa demande, \u00e0 la demande de la famille ou d\u2019un personnel de l\u2019\u00e9tablissement.<\/p>\n<p><b>Accompagner<\/b><\/p>\n<p>Rep\u00e9rer les \u00e9l\u00e8ves en difficult\u00e9 et proposer des aides adapt\u00e9es.<\/p>\n<p><b>Informer <\/b><\/p>\n<p>Informer et conseiller dans les domaines de la sant\u00e9, de la sexualit\u00e9 et des conduites \u00e0 risques.<\/p>\n<p><b>Soigner <\/b><\/p>\n<p>R\u00e9fl\u00e9chir \u00e0 une adaptation de la scolarit\u00e9 en cas de probl\u00e8mes de sant\u00e9 importants.<\/p>\n<p><b>Prot\u00e9ger<\/b><\/p>\n<p>Participer \u00e0 la protection des mineurs et des jeunes majeurs en danger ou susceptibles de l\u2019\u00eatre.<\/p>\n<p><b>Orienter <\/b><\/p>\n<p>Orienter vers les services ext\u00e9rieurs en fonction des situations rep\u00e9r\u00e9es.<\/p>\n<p>&nbsp;<\/p>\n","protected":false},"excerpt":{"rendered":"<p>Service ouvert du lundi au vendredi de 8h00 \u00e0 17h00 Ecouter Rencontrer l\u2019\u00e9l\u00e8ve \u00e0 sa demande, \u00e0 la demande de la famille ou d\u2019un personnel de l\u2019\u00e9tablissement. Accompagner Rep\u00e9rer les \u00e9l\u00e8ves en difficult\u00e9 et proposer des aides adapt\u00e9es. Informer Informer et conseiller dans les domaines de la sant\u00e9, de la sexualit\u00e9 et des conduites \u00e0 [&hellip;]<\/p>\n","protected":false},"author":2,"featured_media":0,"parent":47,"menu_order":0,"comment_status":"closed","ping_status":"closed","template":"","meta":[],"_links":{"self":[{"href":"https:\/\/lpdiderot10.fr\/index.php\/wp-json\/wp\/v2\/pages\/608"}],"collection":[{"href":"https:\/\/lpdiderot10.fr\/index.php\/wp-json\/wp\/v2\/pages"}],"about":[{"href":"https:\/\/lpdiderot10.fr\/index.php\/wp-json\/wp\/v2\/types\/page"}],"author":[{"embeddable":true,"href":"https:\/\/lpdiderot10.fr\/index.php\/wp-json\/wp\/v2\/users\/2"}],"replies":[{"embeddable":true,"href":"https:\/\/lpdiderot10.fr\/index.php\/wp-json\/wp\/v2\/comments?post=608"}],"version-history":[{"count":2,"href":"https:\/\/lpdiderot10.fr\/index.php\/wp-json\/wp\/v2\/pages\/608\/revisions"}],"predecessor-version":[{"id":611,"href":"https:\/\/lpdiderot10.fr\/index.php\/wp-json\/wp\/v2\/pages\/608\/revisions\/611"}],"up":[{"embeddable":true,"href":"https:\/\/lpdiderot10.fr\/index.php\/wp-json\/wp\/v2\/pages\/47"}],"wp:attachment":[{"href":"https:\/\/lpdiderot10.fr\/index.php\/wp-json\/wp\/v2\/media?parent=608"}],"curies":[{"name":"wp","href":"https:\/\/api.w.org\/{rel}","templated":true}]}}