{"id":612,"date":"2018-09-26T15:46:01","date_gmt":"2018-09-26T13:46:01","guid":{"rendered":"http:\/\/lpdiderot10.fr\/?page_id=612"},"modified":"2023-09-13T17:32:41","modified_gmt":"2023-09-13T15:32:41","slug":"vie-scolaire","status":"publish","type":"page","link":"https:\/\/lpdiderot10.fr\/index.php\/vie-au-lycee\/vie-scolaire\/","title":{"rendered":"Vie scolaire"},"content":{"rendered":"\n\n<p><strong>Le service vie scolaire<\/strong> du LP Denis Diderot se compose de deux Conseillers Principaux d\u2019Education (CPE) et de sept Assistant.es d\u2019Education. De plus, deux Services Civiques sont en charge de l\u2019ouverture du foyer ainsi que du Centre de Documentation et d\u2019Information (CDI) pour les \u00e9l\u00e8ves internes.<\/p>\n<p><strong>Quel est le r\u00f4le du service vie scolaire\u00a0?<\/strong><\/p>\n<p>Les CPE organisent le service des AED qui ont pour t\u00e2che d\u2019assurer une pr\u00e9sence effective aupr\u00e8s des \u00e9l\u00e8ves pendant la journ\u00e9e et la nuit pour les \u00e9l\u00e8ves internes.<\/p>\n<p>Au quotidien, le service vie scolaire assure le suivi des absences et des retards, la s\u00e9curit\u00e9 des \u00e9l\u00e8ves, le lien entre l\u2019Ecole et les familles. Il participe \u00e9galement \u00e0 l\u2019accompagnement \u00e9ducatif et p\u00e9dagogique des adolescents.<\/p>\n<p>Les CPE sont en contacts r\u00e9guliers avec les diff\u00e9rents personnels de l\u2019\u00e9tablissement de fa\u00e7on \u00e0 pouvoir effectuer le suivi des \u00e9l\u00e8ves de fa\u00e7on globale afin de permettre leur r\u00e9ussite scolaire et leur \u00e9panouissement personnel.<\/p>\n<p>Ils sont \u00e9galement \u00e0 l\u2019\u00e9coute des \u00e9l\u00e8ves et de leur famille et disponibles sur rendez-vous<\/p>\n<p><strong>M FLORENTINO<\/strong>, CPE r\u00e9f\u00e9rent des 3PM ; 1MEN\u00a0; TMEN\u00a0; 1EPC\u00a0; TEPC\u00a0; 1MCV\u00a0; 1AGO ; TAGO ; 2MSPC ; TMEI\u00a0; TMS ; TFER<\/p>\n<p><strong>Mme FRANCOIS<\/strong>, CPE r\u00e9f\u00e9rente des 1EB\u00a0; TEB\u00a0; 1MET\u00a0; TMET ; 1BMA\u00a0; TBMA\u00a0; 2MRC\u00a0; TMCV\u00a0; 2AGO\u00a0; 2MS ; 1MS ; 1MSPC.<\/p>","protected":false},"excerpt":{"rendered":"<p>Le service vie scolaire du LP Denis Diderot se compose de deux Conseillers Principaux d\u2019Education (CPE) et de sept Assistant.es d\u2019Education. De plus, deux Services Civiques sont en charge de l\u2019ouverture du foyer ainsi que du Centre de Documentation et d\u2019Information (CDI) pour les \u00e9l\u00e8ves internes. Quel est le r\u00f4le du service vie scolaire\u00a0? Les [&hellip;]<\/p>\n","protected":false},"author":2,"featured_media":0,"parent":47,"menu_order":0,"comment_status":"closed","ping_status":"closed","template":"","meta":[],"_links":{"self":[{"href":"https:\/\/lpdiderot10.fr\/index.php\/wp-json\/wp\/v2\/pages\/612"}],"collection":[{"href":"https:\/\/lpdiderot10.fr\/index.php\/wp-json\/wp\/v2\/pages"}],"about":[{"href":"https:\/\/lpdiderot10.fr\/index.php\/wp-json\/wp\/v2\/types\/page"}],"author":[{"embeddable":true,"href":"https:\/\/lpdiderot10.fr\/index.php\/wp-json\/wp\/v2\/users\/2"}],"replies":[{"embeddable":true,"href":"https:\/\/lpdiderot10.fr\/index.php\/wp-json\/wp\/v2\/comments?post=612"}],"version-history":[{"count":8,"href":"https:\/\/lpdiderot10.fr\/index.php\/wp-json\/wp\/v2\/pages\/612\/revisions"}],"predecessor-version":[{"id":3335,"href":"https:\/\/lpdiderot10.fr\/index.php\/wp-json\/wp\/v2\/pages\/612\/revisions\/3335"}],"up":[{"embeddable":true,"href":"https:\/\/lpdiderot10.fr\/index.php\/wp-json\/wp\/v2\/pages\/47"}],"wp:attachment":[{"href":"https:\/\/lpdiderot10.fr\/index.php\/wp-json\/wp\/v2\/media?parent=612"}],"curies":[{"name":"wp","href":"https:\/\/api.w.org\/{rel}","templated":true}]}}