{"id":630,"date":"2018-09-26T16:01:30","date_gmt":"2018-09-26T14:01:30","guid":{"rendered":"http:\/\/lpdiderot10.fr\/?page_id=630"},"modified":"2019-12-02T19:55:12","modified_gmt":"2019-12-02T18:55:12","slug":"concours-mangabul","status":"publish","type":"page","link":"https:\/\/lpdiderot10.fr\/index.php\/vie-au-lycee\/cdi\/concours-mangabul\/","title":{"rendered":"Concours Mangabul"},"content":{"rendered":"<p>Vous \u00eates amateur-trice de manga et vous poss\u00e9dez une fibre artistique, ce concours est fait pour vous ! Il suffit de vous inscrire au CDI et de choisir un manga dans la s\u00e9lection propos\u00e9e. Apr\u00e8s lecture, faites place \u00e0 votre imagination et \u00e0 votre talent !<br \/>\nVotre cr\u00e9ation peut-\u00eatre un dessin, une peinture, un objet, un costume, une critique litt\u00e9raire\u2026 Apr\u00e8s avoir rendu votre cr\u00e9ation, un vote sera organis\u00e9 au sein du lyc\u00e9e pour choisir les 3 meilleures cr\u00e9ations qui participeront \u00e0 la finale en avril 2020.<br \/>\nCette journ\u00e9e sera l\u2019occasion de rencontrer d\u2019autres fans de mangas et de participer \u00e0 des ateliers autour de la culture japonaise. Des goodies seront offerts \u00e0 tous les participants s\u00e9lectionn\u00e9s et une r\u00e9compense pour les gagnants.<\/p>\n<p>Voici la s\u00e9lection de cette ann\u00e9e\u00a0:<\/p>\n<ul>\n<li>1 de Takeda Hiratsuka<\/li>\n<li>Marry Grave. 1 de Yamaji<\/li>\n<li>Whispering de Fujitani<\/li>\n<li>Elin, la charmeuse de b\u00eate. 1 de Ueashi Takemoto<\/li>\n<li>Your name\u00a0: another side. 1 Kanoh Nakamura<\/li>\n<\/ul>\n<p>Un cr\u00e9neau horaire est r\u00e9serv\u00e9 au concours Mangabul le jeudi de 13h \u00e0 14h au CDI pendant lequel vous pourrez lire la s\u00e9lection, r\u00e9fl\u00e9chir et commencer votre cr\u00e9ation gr\u00e2ce au mat\u00e9riel mis \u00e0 disposition. Rien d\u2019obligatoire, vous pouvez aussi le faire chez vous ou passer au CDI pendant votre temps libre.<\/p>\n<p>&nbsp;<\/p>\n","protected":false},"excerpt":{"rendered":"<p>Vous \u00eates amateur-trice de manga et vous poss\u00e9dez une fibre artistique, ce concours est fait pour vous ! Il suffit de vous inscrire au CDI et de choisir un manga dans la s\u00e9lection propos\u00e9e. Apr\u00e8s lecture, faites place \u00e0 votre imagination et \u00e0 votre talent ! Votre cr\u00e9ation peut-\u00eatre un dessin, une peinture, un objet, [&hellip;]<\/p>\n","protected":false},"author":10,"featured_media":0,"parent":60,"menu_order":0,"comment_status":"closed","ping_status":"closed","template":"","meta":[],"_links":{"self":[{"href":"https:\/\/lpdiderot10.fr\/index.php\/wp-json\/wp\/v2\/pages\/630"}],"collection":[{"href":"https:\/\/lpdiderot10.fr\/index.php\/wp-json\/wp\/v2\/pages"}],"about":[{"href":"https:\/\/lpdiderot10.fr\/index.php\/wp-json\/wp\/v2\/types\/page"}],"author":[{"embeddable":true,"href":"https:\/\/lpdiderot10.fr\/index.php\/wp-json\/wp\/v2\/users\/10"}],"replies":[{"embeddable":true,"href":"https:\/\/lpdiderot10.fr\/index.php\/wp-json\/wp\/v2\/comments?post=630"}],"version-history":[{"count":8,"href":"https:\/\/lpdiderot10.fr\/index.php\/wp-json\/wp\/v2\/pages\/630\/revisions"}],"predecessor-version":[{"id":1204,"href":"https:\/\/lpdiderot10.fr\/index.php\/wp-json\/wp\/v2\/pages\/630\/revisions\/1204"}],"up":[{"embeddable":true,"href":"https:\/\/lpdiderot10.fr\/index.php\/wp-json\/wp\/v2\/pages\/60"}],"wp:attachment":[{"href":"https:\/\/lpdiderot10.fr\/index.php\/wp-json\/wp\/v2\/media?parent=630"}],"curies":[{"name":"wp","href":"https:\/\/api.w.org\/{rel}","templated":true}]}}